{"id":2011,"date":"2025-08-29T16:14:06","date_gmt":"2025-08-29T14:14:06","guid":{"rendered":"https:\/\/olddamagedphotorepair.com\/ki-fotoreparatur-und-wiederherstellung\/"},"modified":"2025-09-15T10:42:26","modified_gmt":"2025-09-15T08:42:26","slug":"ki-fotoreparatur-und-wiederherstellung","status":"publish","type":"page","link":"https:\/\/olddamagedphotorepair.com\/de\/ki-fotoreparatur-und-wiederherstellung\/","title":{"rendered":"KI-Fotoreparatur und -wiederherstellung"},"content":{"rendered":"\t\t<div data-elementor-type=\"wp-page\" data-elementor-id=\"2011\" class=\"elementor elementor-2011 elementor-1900\">\n\t\t\t\t\t\t<section class=\"elementor-section elementor-top-section elementor-element elementor-element-1db7cf31 elementor-section-full_width elementor-section-height-min-height elementor-hidden-phone elementor-section-stretched elementor-section-height-default elementor-section-items-middle\" data-id=\"1db7cf31\" data-element_type=\"section\" data-settings=\"{&quot;background_background&quot;:&quot;classic&quot;,&quot;stretch_section&quot;:&quot;section-stretched&quot;}\">\n\t\t\t\t\t\t<div class=\"elementor-container elementor-column-gap-no\">\n\t\t\t\t\t<div class=\"elementor-column elementor-col-100 elementor-top-column elementor-element elementor-element-7342490a\" data-id=\"7342490a\" data-element_type=\"column\">\n\t\t\t<div class=\"elementor-widget-wrap\">\n\t\t\t\t\t\t\t<\/div>\n\t\t<\/div>\n\t\t\t\t\t<\/div>\n\t\t<\/section>\n\t\t\t\t<section class=\"elementor-section elementor-top-section elementor-element elementor-element-390f5a22 elementor-section-stretched elementor-section-boxed elementor-section-height-default elementor-section-height-default\" data-id=\"390f5a22\" data-element_type=\"section\" data-settings=\"{&quot;background_background&quot;:&quot;classic&quot;,&quot;stretch_section&quot;:&quot;section-stretched&quot;}\">\n\t\t\t\t\t\t<div class=\"elementor-container elementor-column-gap-default\">\n\t\t\t\t\t<div class=\"elementor-column elementor-col-100 elementor-top-column elementor-element elementor-element-2110cbde\" data-id=\"2110cbde\" data-element_type=\"column\">\n\t\t\t<div class=\"elementor-widget-wrap elementor-element-populated\">\n\t\t\t\t\t\t<div class=\"elementor-element elementor-element-2e65f5e4 elementor-widget elementor-widget-heading\" data-id=\"2e65f5e4\" data-element_type=\"widget\" data-widget_type=\"heading.default\">\n\t\t\t\t<div class=\"elementor-widget-container\">\n\t\t\t\t\t<h2 class=\"elementor-heading-title elementor-size-default\">KI und Fotobearbeitung: Magie oder die Illusion von Perfektion?<\/h2>\t\t\t\t<\/div>\n\t\t\t\t<\/div>\n\t\t\t\t<div class=\"elementor-element elementor-element-1417b41 elementor-widget elementor-widget-text-editor\" data-id=\"1417b41\" data-element_type=\"widget\" data-widget_type=\"text-editor.default\">\n\t\t\t\t<div class=\"elementor-widget-container\">\n\t\t\t\t\t\t\t\t\t<p>Der Begriff \u201eKI\u201c klingt oft wie Magie. Mit nur wenigen Klicks k\u00f6nnen wir Fotos transformieren: Ein bew\u00f6lkter Himmel wird strahlend blau, Gesichter werden gegl\u00e4ttet und Sch\u00f6nheitsfehler verschwinden. Aber ist diese \u201ePerfektion\u201c immer der beste Ansatz? Und ist sie so makellos, wie sie scheint?   <\/p><h4>Die KI-Illusion: Was geht schief?<\/h4><p>KI-Fotobearbeitung ist ein leistungsstarkes Werkzeug, aber kein Wundermittel. Es ist entscheidend, ihre Grenzen zu verstehen. Ein Hauptproblem ist, dass es der KI an <b>Kontext<\/b> fehlt. Sie kennt weder die Geschichte noch die Emotion hinter einem Foto, was zu unbeabsichtigten Effekten f\u00fchrt. Zum Beispiel k\u00f6nnte KI Z\u00e4hne so stark aufhellen, dass sie unecht aussehen, oder die Haut unnat\u00fcrlich gl\u00e4tten. In einem Landschaftsfoto k\u00f6nnte sie Farben verst\u00e4rken, aber auch die subtilen Schatten ausl\u00f6schen, die Tiefe verleihen.     <\/p><p>Ein weiteres Risiko ist die <b>Gleichf\u00f6rmigkeit<\/b>. Wenn jeder die gleichen KI-Filter verwendet, sehen die Fotos irgendwann alle gleich aus und verlieren ihre Authentizit\u00e4t und ihren einzigartigen Stil. Hier wird die menschliche Note unerl\u00e4sslich.  <\/p>\t\t\t\t\t\t\t\t<\/div>\n\t\t\t\t<\/div>\n\t\t\t\t<section class=\"elementor-section elementor-inner-section elementor-element elementor-element-7ca6459 elementor-section-boxed elementor-section-height-default elementor-section-height-default\" data-id=\"7ca6459\" data-element_type=\"section\">\n\t\t\t\t\t\t<div class=\"elementor-container elementor-column-gap-default\">\n\t\t\t\t\t<div class=\"elementor-column elementor-col-50 elementor-inner-column elementor-element elementor-element-b28c548\" data-id=\"b28c548\" data-element_type=\"column\">\n\t\t\t<div class=\"elementor-widget-wrap elementor-element-populated\">\n\t\t\t\t\t\t<div class=\"elementor-element elementor-element-4caf31c elementor-widget elementor-widget-text-editor\" data-id=\"4caf31c\" data-element_type=\"widget\" data-widget_type=\"text-editor.default\">\n\t\t\t\t<div class=\"elementor-widget-container\">\n\t\t\t\t\t\t\t\t\t<h4>Die unentbehrliche menschliche Note<\/h4><p>W\u00e4hrend KI-Tools fantastische Zeitsparer f\u00fcr grundlegende Bearbeitungen wie Zuschneiden und Belichtungskorrekturen sind, ist ein <b>menschlicher Feinschliff<\/b> unerl\u00e4sslich, um ein Foto wirklich aufzuwerten. Ein menschliches Auge kann Nuancen und Subtilit\u00e4ten erkennen. Ein professioneller Bildbearbeiter wei\u00df, wann er etwas Korn beibehalten muss, um die Atmosph\u00e4re zu erhalten, oder die Hautstruktur sanft aufweichen muss, anstatt sie vollst\u00e4ndig zu entfernen. Bei dieser menschlichen Note geht es darum, bewusste k\u00fcnstlerische Entscheidungen zu treffen, die ein bearbeitetes Bild in ein Kunstwerk verwandeln und eine emotionale Verbindung zum Betrachter herstellen.   <\/p><p>Bei <b>olddamagedphotorepair.com<\/b> sehen wir KI als einen wertvollen Partner, aber niemals als den Regisseur Ihrer Kreation. Wir glauben, dass die wahre Magie in der Kombination der Geschwindigkeit der Technologie mit dem Einblick und der Pr\u00e4zision menschlicher Expertise liegt. Unser Service ist darauf ausgelegt, die Arbeit der KI mit der unentbehrlichen menschlichen Note zu perfektionieren.  <\/p>\t\t\t\t\t\t\t\t<\/div>\n\t\t\t\t<\/div>\n\t\t\t\t<div class=\"elementor-element elementor-element-c89bbfe elementor-align-center elementor-widget elementor-widget-button\" data-id=\"c89bbfe\" data-element_type=\"widget\" data-widget_type=\"button.default\">\n\t\t\t\t<div class=\"elementor-widget-container\">\n\t\t\t\t\t\t\t\t\t<div class=\"elementor-button-wrapper\">\n\t\t\t\t\t<a class=\"elementor-button elementor-button-link elementor-size-sm\" href=\"https:\/\/olddamagedphotorepair.com\/contact\/\">\n\t\t\t\t\t\t<span class=\"elementor-button-content-wrapper\">\n\t\t\t\t\t\t\t\t\t<span class=\"elementor-button-text\">Neugierig und eine Frage? Kontaktieren Sie uns jetzt. <\/span>\n\t\t\t\t\t<\/span>\n\t\t\t\t\t<\/a>\n\t\t\t\t<\/div>\n\t\t\t\t\t\t\t\t<\/div>\n\t\t\t\t<\/div>\n\t\t\t\t\t<\/div>\n\t\t<\/div>\n\t\t\t\t<div class=\"elementor-column elementor-col-50 elementor-inner-column elementor-element elementor-element-b0d5a3b\" data-id=\"b0d5a3b\" data-element_type=\"column\">\n\t\t\t<div class=\"elementor-widget-wrap elementor-element-populated\">\n\t\t\t\t\t\t<div class=\"elementor-element elementor-element-c326854 elementor-widget elementor-widget-image\" data-id=\"c326854\" data-element_type=\"widget\" data-widget_type=\"image.default\">\n\t\t\t\t<div class=\"elementor-widget-container\">\n\t\t\t\t\t\t\t\t\t\t\t\t\t\t\t<img fetchpriority=\"high\" decoding=\"async\" width=\"768\" height=\"1024\" src=\"https:\/\/olddamagedphotorepair.com\/wp-content\/uploads\/2025\/08\/old-woman-her-young-version-768x1024.jpg\" class=\"attachment-large size-large wp-image-2013\" alt=\"\" srcset=\"https:\/\/olddamagedphotorepair.com\/wp-content\/uploads\/2025\/08\/old-woman-her-young-version-768x1024.jpg 768w, https:\/\/olddamagedphotorepair.com\/wp-content\/uploads\/2025\/08\/old-woman-her-young-version-225x300.jpg 225w, https:\/\/olddamagedphotorepair.com\/wp-content\/uploads\/2025\/08\/old-woman-her-young-version-1152x1536.jpg 1152w, https:\/\/olddamagedphotorepair.com\/wp-content\/uploads\/2025\/08\/old-woman-her-young-version-1536x2048.jpg 1536w, https:\/\/olddamagedphotorepair.com\/wp-content\/uploads\/2025\/08\/old-woman-her-young-version-scaled.jpg 1920w\" sizes=\"(max-width: 768px) 100vw, 768px\" \/>\t\t\t\t\t\t\t\t\t\t\t\t\t\t\t<\/div>\n\t\t\t\t<\/div>\n\t\t\t\t\t<\/div>\n\t\t<\/div>\n\t\t\t\t\t<\/div>\n\t\t<\/section>\n\t\t\t\t<section class=\"elementor-section elementor-inner-section elementor-element elementor-element-5aa0c17 elementor-section-boxed elementor-section-height-default elementor-section-height-default\" data-id=\"5aa0c17\" data-element_type=\"section\">\n\t\t\t\t\t\t<div class=\"elementor-container elementor-column-gap-default\">\n\t\t\t\t\t<div class=\"elementor-column elementor-col-50 elementor-inner-column elementor-element elementor-element-9e7e5cb\" data-id=\"9e7e5cb\" data-element_type=\"column\">\n\t\t\t<div class=\"elementor-widget-wrap elementor-element-populated\">\n\t\t\t\t\t\t<div class=\"elementor-element elementor-element-2f05f2a elementor-widget elementor-widget-image\" data-id=\"2f05f2a\" data-element_type=\"widget\" data-widget_type=\"image.default\">\n\t\t\t\t<div class=\"elementor-widget-container\">\n\t\t\t\t\t\t\t\t\t\t\t\t\t\t\t<img decoding=\"async\" src=\"https:\/\/olddamagedphotorepair.com\/wp-content\/uploads\/elementor\/thumbs\/front-view-beautiful-couple-posing-vintage-portrait-1-scaled-raz3fhfdy074385qab7cw7eow3m2aa6rlohiy8d05e.jpg\" title=\"front-view-beautiful-couple-posing-vintage-portrait (1)\" alt=\"front-view-beautiful-couple-posing-vintage-portrait (1)\" loading=\"lazy\" \/>\t\t\t\t\t\t\t\t\t\t\t\t\t\t\t<\/div>\n\t\t\t\t<\/div>\n\t\t\t\t\t<\/div>\n\t\t<\/div>\n\t\t\t\t<div class=\"elementor-column elementor-col-50 elementor-inner-column elementor-element elementor-element-8ecf208\" data-id=\"8ecf208\" data-element_type=\"column\">\n\t\t\t<div class=\"elementor-widget-wrap elementor-element-populated\">\n\t\t\t\t\t\t<div class=\"elementor-element elementor-element-a77a6ec elementor-widget elementor-widget-text-editor\" data-id=\"a77a6ec\" data-element_type=\"widget\" data-widget_type=\"text-editor.default\">\n\t\t\t\t<div class=\"elementor-widget-container\">\n\t\t\t\t\t\t\t\t\t<h4>Warum einen Profi w\u00e4hlen?<\/h4><p>Vielleicht haben Sie ein Foto, das eine gro\u00dfe Bedeutung hat \u2013 ein gesch\u00e4tztes Portr\u00e4t, eine unvergessliche Urlaubserinnerung oder eine atemberaubende Landschaft. Sie haben KI verwendet, um die Grundlage zu legen, aber irgendetwas fehlt noch. Die Farben sind vielleicht zu grell, die Schatten flach oder ein Ausdruck wirkt unnat\u00fcrlich.  <\/p><p>Hier kommen wir ins Spiel. Unsere Spezialisten bei olddamagedphotobrepair.com kombinieren jahrelange Erfahrung mit fortschrittlicher Software. Wir h\u00f6ren Ihre Geschichte und verstehen die Nuancen, die die KI \u00fcbersieht. Wir k\u00f6nnen Schatten wiederherstellen, um Tiefe zu erzeugen, die Haut sanft retuschieren, ohne den Charakter zu verwischen, und die Emotionen in einem Portr\u00e4t durch subtile, manuelle Anpassungen verst\u00e4rken.   <\/p>\t\t\t\t\t\t\t\t<\/div>\n\t\t\t\t<\/div>\n\t\t\t\t\t<\/div>\n\t\t<\/div>\n\t\t\t\t\t<\/div>\n\t\t<\/section>\n\t\t\t\t<div class=\"elementor-element elementor-element-c480374 elementor-widget elementor-widget-spacer\" data-id=\"c480374\" data-element_type=\"widget\" data-widget_type=\"spacer.default\">\n\t\t\t\t<div class=\"elementor-widget-container\">\n\t\t\t\t\t\t\t<div class=\"elementor-spacer\">\n\t\t\t<div class=\"elementor-spacer-inner\"><\/div>\n\t\t<\/div>\n\t\t\t\t\t\t<\/div>\n\t\t\t\t<\/div>\n\t\t\t\t<section class=\"elementor-section elementor-inner-section elementor-element elementor-element-84e22bf elementor-section-boxed elementor-section-height-default elementor-section-height-default\" data-id=\"84e22bf\" data-element_type=\"section\">\n\t\t\t\t\t\t<div class=\"elementor-container elementor-column-gap-default\">\n\t\t\t\t\t<div class=\"elementor-column elementor-col-50 elementor-inner-column elementor-element elementor-element-47cf865\" data-id=\"47cf865\" data-element_type=\"column\">\n\t\t\t<div class=\"elementor-widget-wrap elementor-element-populated\">\n\t\t\t\t\t\t<div class=\"elementor-element elementor-element-8cbbf74 elementor-widget elementor-widget-text-editor\" data-id=\"8cbbf74\" data-element_type=\"widget\" data-widget_type=\"text-editor.default\">\n\t\t\t\t<div class=\"elementor-widget-container\">\n\t\t\t\t\t\t\t\t\t<p><strong>Unsere Dienstleistungen umfassen:<\/strong><\/p><ul><li><p><b>Wiederherstellung besch\u00e4digter Fotos:<\/b> Von alten Familienbildern bis hin zu fehlerhaften digitalen Dateien.<\/p><\/li><li><p><b>Korrektur von Belichtung und Farbbalance:<\/b> Sicherstellung der perfekten Stimmung f\u00fcr Ihr Foto.<\/p><\/li><li><p><b>Retuschieren von Unvollkommenheiten:<\/b> Manuelles Entfernen von st\u00f6renden Objekten und Korrigieren von Fehlern.<\/p><\/li><\/ul><p>Wir betrachten KI als einen n\u00fctzlichen Ausgangspunkt, aber die wahre Perfektion entsteht durch die Handwerkskunst, die wir hinzuf\u00fcgen. Wir stellen sicher, dass Ihr Foto nicht nur ein bearbeitetes Bild ist, sondern ein authentisches Kunstwerk, das seine urspr\u00fcngliche Emotion und Sch\u00f6nheit bewahrt. <\/p><p>Im Wesentlichen ist die KI-Fotobearbeitung ein leistungsstarkes Werkzeug, um den Workflow zu beschleunigen und repetitive Aufgaben zu erledigen. Sie erm\u00f6glicht es menschlichen Bildbearbeitern, sich auf die kreativen und k\u00fcnstlerischen Aspekte ihrer Arbeit zu konzentrieren. Die Technologie ist ein Assistent, kein Ersatz. Der menschliche Bildbearbeiter bleibt der Regisseur mit der endg\u00fcltigen k\u00fcnstlerischen Kontrolle und dem Verst\u00e4ndnis f\u00fcr die Geschichte, die jedes Foto erz\u00e4hlt.   <\/p>\t\t\t\t\t\t\t\t<\/div>\n\t\t\t\t<\/div>\n\t\t\t\t\t<\/div>\n\t\t<\/div>\n\t\t\t\t<div class=\"elementor-column elementor-col-50 elementor-inner-column elementor-element elementor-element-2177a11\" data-id=\"2177a11\" data-element_type=\"column\">\n\t\t\t<div class=\"elementor-widget-wrap elementor-element-populated\">\n\t\t\t\t\t\t<div class=\"elementor-element elementor-element-5394f76 elementor-widget elementor-widget-image\" data-id=\"5394f76\" data-element_type=\"widget\" data-widget_type=\"image.default\">\n\t\t\t\t<div class=\"elementor-widget-container\">\n\t\t\t\t\t\t\t\t\t\t\t\t\t\t\t<img decoding=\"async\" width=\"1000\" height=\"700\" src=\"https:\/\/olddamagedphotorepair.com\/wp-content\/uploads\/2021\/01\/rotsen.jpg\" class=\"attachment-large size-large wp-image-3223\" alt=\"\" srcset=\"https:\/\/olddamagedphotorepair.com\/wp-content\/uploads\/2021\/01\/rotsen.jpg 1000w, https:\/\/olddamagedphotorepair.com\/wp-content\/uploads\/2021\/01\/rotsen-300x210.jpg 300w, https:\/\/olddamagedphotorepair.com\/wp-content\/uploads\/2021\/01\/rotsen-768x538.jpg 768w\" sizes=\"(max-width: 1000px) 100vw, 1000px\" \/>\t\t\t\t\t\t\t\t\t\t\t\t\t\t\t<\/div>\n\t\t\t\t<\/div>\n\t\t\t\t\t<\/div>\n\t\t<\/div>\n\t\t\t\t\t<\/div>\n\t\t<\/section>\n\t\t\t\t<div class=\"elementor-element elementor-element-5947363 elementor-align-center elementor-widget elementor-widget-button\" data-id=\"5947363\" data-element_type=\"widget\" data-widget_type=\"button.default\">\n\t\t\t\t<div class=\"elementor-widget-container\">\n\t\t\t\t\t\t\t\t\t<div class=\"elementor-button-wrapper\">\n\t\t\t\t\t<a class=\"elementor-button elementor-button-link elementor-size-sm\" href=\"https:\/\/olddamagedphotorepair.com\/contact\/\">\n\t\t\t\t\t\t<span class=\"elementor-button-content-wrapper\">\n\t\t\t\t\t\t\t\t\t<span class=\"elementor-button-text\">Neugierig und eine Frage? Kontaktieren Sie uns jetzt. <\/span>\n\t\t\t\t\t<\/span>\n\t\t\t\t\t<\/a>\n\t\t\t\t<\/div>\n\t\t\t\t\t\t\t\t<\/div>\n\t\t\t\t<\/div>\n\t\t\t\t\t<\/div>\n\t\t<\/div>\n\t\t\t\t\t<\/div>\n\t\t<\/section>\n\t\t\t\t<\/div>\n\t\t","protected":false},"excerpt":{"rendered":"<p>KI und Fotobearbeitung: Magie oder die Illusion von Perfektion? Der Begriff \u201eKI\u201c klingt oft wie Magie. Mit nur wenigen Klicks k\u00f6nnen wir Fotos transformieren: Ein bew\u00f6lkter Himmel wird strahlend blau, Gesichter werden gegl\u00e4ttet und Sch\u00f6nheitsfehler verschwinden. Aber ist diese \u201ePerfektion\u201c immer der beste Ansatz? Und ist sie so makellos, wie sie scheint? Die KI-Illusion: Was [&hellip;]<\/p>\n","protected":false},"author":1,"featured_media":0,"parent":0,"menu_order":0,"comment_status":"closed","ping_status":"closed","template":"elementor_header_footer","meta":{"_acf_changed":false,"footnotes":""},"class_list":["post-2011","page","type-page","status-publish","hentry"],"acf":[],"_links":{"self":[{"href":"https:\/\/olddamagedphotorepair.com\/de\/wp-json\/wp\/v2\/pages\/2011","targetHints":{"allow":["GET"]}}],"collection":[{"href":"https:\/\/olddamagedphotorepair.com\/de\/wp-json\/wp\/v2\/pages"}],"about":[{"href":"https:\/\/olddamagedphotorepair.com\/de\/wp-json\/wp\/v2\/types\/page"}],"author":[{"embeddable":true,"href":"https:\/\/olddamagedphotorepair.com\/de\/wp-json\/wp\/v2\/users\/1"}],"replies":[{"embeddable":true,"href":"https:\/\/olddamagedphotorepair.com\/de\/wp-json\/wp\/v2\/comments?post=2011"}],"version-history":[{"count":0,"href":"https:\/\/olddamagedphotorepair.com\/de\/wp-json\/wp\/v2\/pages\/2011\/revisions"}],"wp:attachment":[{"href":"https:\/\/olddamagedphotorepair.com\/de\/wp-json\/wp\/v2\/media?parent=2011"}],"curies":[{"name":"wp","href":"https:\/\/api.w.org\/{rel}","templated":true}]}}