{"id":2731,"date":"2021-01-20T16:34:12","date_gmt":"2021-01-20T15:34:12","guid":{"rendered":"https:\/\/olddamagedphotorepair.com\/fotodrucke\/"},"modified":"2025-09-15T10:45:58","modified_gmt":"2025-09-15T08:45:58","slug":"fotodrucke","status":"publish","type":"page","link":"https:\/\/olddamagedphotorepair.com\/de\/fotodrucke\/","title":{"rendered":"Fotodrucke"},"content":{"rendered":"\t\t<div data-elementor-type=\"wp-page\" data-elementor-id=\"2731\" class=\"elementor elementor-2731 elementor-494\">\n\t\t\t\t\t\t<section class=\"elementor-section elementor-top-section elementor-element elementor-element-47afab97 elementor-section-full_width elementor-section-height-min-height elementor-hidden-phone elementor-section-stretched elementor-section-height-default elementor-section-items-middle\" data-id=\"47afab97\" data-element_type=\"section\" data-settings=\"{&quot;background_background&quot;:&quot;classic&quot;,&quot;stretch_section&quot;:&quot;section-stretched&quot;}\">\n\t\t\t\t\t\t<div class=\"elementor-container elementor-column-gap-no\">\n\t\t\t\t\t<div class=\"elementor-column elementor-col-100 elementor-top-column elementor-element elementor-element-55aa7241\" data-id=\"55aa7241\" data-element_type=\"column\">\n\t\t\t<div class=\"elementor-widget-wrap\">\n\t\t\t\t\t\t\t<\/div>\n\t\t<\/div>\n\t\t\t\t\t<\/div>\n\t\t<\/section>\n\t\t\t\t<section class=\"elementor-section elementor-top-section elementor-element elementor-element-c9e35f2 elementor-section-full_width elementor-section-height-min-height elementor-section-stretched elementor-hidden-desktop elementor-hidden-tablet elementor-section-height-default elementor-section-items-middle\" data-id=\"c9e35f2\" data-element_type=\"section\" data-settings=\"{&quot;background_background&quot;:&quot;classic&quot;,&quot;stretch_section&quot;:&quot;section-stretched&quot;}\">\n\t\t\t\t\t\t<div class=\"elementor-container elementor-column-gap-no\">\n\t\t\t\t\t<div class=\"elementor-column elementor-col-100 elementor-top-column elementor-element elementor-element-0f9ddce\" data-id=\"0f9ddce\" data-element_type=\"column\">\n\t\t\t<div class=\"elementor-widget-wrap\">\n\t\t\t\t\t\t\t<\/div>\n\t\t<\/div>\n\t\t\t\t\t<\/div>\n\t\t<\/section>\n\t\t\t\t<section class=\"elementor-section elementor-top-section elementor-element elementor-element-6cb5e15f elementor-section-stretched elementor-section-height-min-height elementor-section-items-top elementor-section-boxed elementor-section-height-default\" data-id=\"6cb5e15f\" data-element_type=\"section\" data-settings=\"{&quot;background_background&quot;:&quot;classic&quot;,&quot;stretch_section&quot;:&quot;section-stretched&quot;}\">\n\t\t\t\t\t\t<div class=\"elementor-container elementor-column-gap-default\">\n\t\t\t\t\t<div class=\"elementor-column elementor-col-100 elementor-top-column elementor-element elementor-element-7c0a4cc7\" data-id=\"7c0a4cc7\" data-element_type=\"column\">\n\t\t\t<div class=\"elementor-widget-wrap elementor-element-populated\">\n\t\t\t\t\t\t<div class=\"elementor-element elementor-element-3aa0f97e elementor-widget elementor-widget-image\" data-id=\"3aa0f97e\" data-element_type=\"widget\" data-widget_type=\"image.default\">\n\t\t\t\t<div class=\"elementor-widget-container\">\n\t\t\t\t\t\t\t\t\t\t\t\t\t\t\t<img fetchpriority=\"high\" decoding=\"async\" width=\"425\" height=\"210\" src=\"https:\/\/olddamagedphotorepair.com\/wp-content\/uploads\/2021\/02\/fotos.png\" class=\"attachment-full size-full wp-image-2750\" alt=\"\" srcset=\"https:\/\/olddamagedphotorepair.com\/wp-content\/uploads\/2021\/02\/fotos.png 425w, https:\/\/olddamagedphotorepair.com\/wp-content\/uploads\/2021\/02\/fotos-300x148.png 300w\" sizes=\"(max-width: 425px) 100vw, 425px\" \/>\t\t\t\t\t\t\t\t\t\t\t\t\t\t\t<\/div>\n\t\t\t\t<\/div>\n\t\t\t\t<div class=\"elementor-element elementor-element-7187f81d elementor-widget elementor-widget-heading\" data-id=\"7187f81d\" data-element_type=\"widget\" data-widget_type=\"heading.default\">\n\t\t\t\t<div class=\"elementor-widget-container\">\n\t\t\t\t\t<h2 class=\"elementor-heading-title elementor-size-default\">Fotodrucke<\/h2>\t\t\t\t<\/div>\n\t\t\t\t<\/div>\n\t\t\t\t\t<\/div>\n\t\t<\/div>\n\t\t\t\t\t<\/div>\n\t\t<\/section>\n\t\t\t\t<section class=\"elementor-section elementor-top-section elementor-element elementor-element-97af830 elementor-section-boxed elementor-section-height-default elementor-section-height-default\" data-id=\"97af830\" data-element_type=\"section\">\n\t\t\t\t\t\t<div class=\"elementor-container elementor-column-gap-default\">\n\t\t\t\t\t<div class=\"elementor-column elementor-col-100 elementor-top-column elementor-element elementor-element-57ba18a\" data-id=\"57ba18a\" data-element_type=\"column\">\n\t\t\t<div class=\"elementor-widget-wrap elementor-element-populated\">\n\t\t\t\t\t\t<div class=\"elementor-element elementor-element-58036d6 elementor-widget elementor-widget-text-editor\" data-id=\"58036d6\" data-element_type=\"widget\" data-widget_type=\"text-editor.default\">\n\t\t\t\t<div class=\"elementor-widget-container\">\n\t\t\t\t\t\t\t\t\t<p>Erwecken Sie Ihre wertvollen, <a href=\"https:\/\/olddamagedphotorepair.com\/de\/?page_id=2544\">restaurierten Fotos<\/a> mit unseren hochwertigen Druckservices zum Leben. Wir bieten eine Vielzahl von <b>Premium-Materialien<\/b>, um sicherzustellen, dass Ihre Erinnerungen wundersch\u00f6n bewahrt und ausgestellt werden. Ob nostalgisches Familienportr\u00e4t oder gesch\u00e4tzte Landschaft, Sie finden die perfekte Option f\u00fcr Ihr einzigartiges Foto.  <\/p><p><span style=\"color: inherit; font-family: inherit; font-size: 1.75rem;\">Unsere beliebtesten Fotodruckprodukte<\/span><\/p><div> <\/div><p><b>Wandbildteppich:<\/b> Verwandeln Sie Ihr restauriertes Foto in ein atemberaubendes St\u00fcck <b>einzigartiger Wanddekoration<\/b>. Ein Foto-Wandbildteppich verleiht jedem Raum eine warme, k\u00fcnstlerische Note. Es ist eine fantastische M\u00f6glichkeit, Ihr besonderes Foto in gro\u00dfem Ma\u00dfstab zu pr\u00e4sentieren.  <\/p><p><span style=\"font-size: 1rem;\">Wir bieten auch viele andere Druckprodukte, die zu Ihrem Stil und Budget passen. Sie k\u00f6nnen aus Optionen wie den folgenden w\u00e4hlen: <\/span><\/p><p><b>Klassische Leinwanddrucke<\/b> f\u00fcr ein zeitloses, galerie\u00e4hnliches Gef\u00fchl.<\/p><p><b>Moderne Acryldrucke<\/b>, die Ihren Fotos ein lebendiges, gl\u00e4nzendes Finish verleihen.<\/p><p><b>Elegante Metalldrucke<\/b> f\u00fcr eine zeitgem\u00e4\u00dfe und langlebige Pr\u00e4sentation.<\/p><p><span style=\"font-size: 1rem;\">Jedes Material wird aufgrund seiner au\u00dfergew\u00f6hnlichen Qualit\u00e4t ausgew\u00e4hlt, um sicherzustellen, dass Ihr restauriertes Foto optimal aussieht.<\/span> <span style=\"font-size: 1rem;\">F\u00fcr weitere Informationen zu all unseren Druckoptionen und um die perfekte \u00dcbereinstimmung f\u00fcr Ihr Foto zu finden, wenden Sie sich bitte<\/span> <a href=\"https:\/\/olddamagedphotorepair.com\/contact\/\">noch heute an uns<\/a><span style=\"font-size: 1rem;\">. Wir sind hier, um Ihnen zu helfen, Ihre <a href=\"https:\/\/olddamagedphotorepair.com\/de\/?page_id=2019\">Erinnerungen<\/a> in sch\u00f6ne, bleibende Kunst zu verwandeln.<\/span><\/p>\t\t\t\t\t\t\t\t<\/div>\n\t\t\t\t<\/div>\n\t\t\t\t\t<\/div>\n\t\t<\/div>\n\t\t\t\t\t<\/div>\n\t\t<\/section>\n\t\t\t\t<section class=\"elementor-section elementor-top-section elementor-element elementor-element-839e347 elementor-section-stretched elementor-section-height-min-height elementor-section-content-middle elementor-section-boxed elementor-section-height-default elementor-section-items-middle\" data-id=\"839e347\" data-element_type=\"section\" data-settings=\"{&quot;stretch_section&quot;:&quot;section-stretched&quot;}\">\n\t\t\t\t\t\t<div class=\"elementor-container elementor-column-gap-default\">\n\t\t\t\t\t<div class=\"elementor-column elementor-col-33 elementor-top-column elementor-element elementor-element-70aecc4\" data-id=\"70aecc4\" data-element_type=\"column\">\n\t\t\t<div class=\"elementor-widget-wrap elementor-element-populated\">\n\t\t\t\t\t\t<div class=\"elementor-element elementor-element-8a79b03 elementor-widget elementor-widget-image\" data-id=\"8a79b03\" data-element_type=\"widget\" data-widget_type=\"image.default\">\n\t\t\t\t<div class=\"elementor-widget-container\">\n\t\t\t\t\t\t\t\t\t\t\t\t\t\t\t<img decoding=\"async\" width=\"1000\" height=\"1000\" src=\"https:\/\/olddamagedphotorepair.com\/wp-content\/uploads\/2021\/01\/1afdrukken.jpg\" class=\"attachment-large size-large wp-image-2741\" alt=\"\" srcset=\"https:\/\/olddamagedphotorepair.com\/wp-content\/uploads\/2021\/01\/1afdrukken.jpg 1000w, https:\/\/olddamagedphotorepair.com\/wp-content\/uploads\/2021\/01\/1afdrukken-300x300.jpg 300w, https:\/\/olddamagedphotorepair.com\/wp-content\/uploads\/2021\/01\/1afdrukken-150x150.jpg 150w, https:\/\/olddamagedphotorepair.com\/wp-content\/uploads\/2021\/01\/1afdrukken-768x768.jpg 768w, https:\/\/olddamagedphotorepair.com\/wp-content\/uploads\/2021\/01\/1afdrukken-500x500.jpg 500w\" sizes=\"(max-width: 1000px) 100vw, 1000px\" \/>\t\t\t\t\t\t\t\t\t\t\t\t\t\t\t<\/div>\n\t\t\t\t<\/div>\n\t\t\t\t<div class=\"elementor-element elementor-element-cb6f5a1 elementor-widget elementor-widget-heading\" data-id=\"cb6f5a1\" data-element_type=\"widget\" data-widget_type=\"heading.default\">\n\t\t\t\t<div class=\"elementor-widget-container\">\n\t\t\t\t\t<h2 class=\"elementor-heading-title elementor-size-default\">\nFotodruck<\/h2>\t\t\t\t<\/div>\n\t\t\t\t<\/div>\n\t\t\t\t\t<\/div>\n\t\t<\/div>\n\t\t\t\t<div class=\"elementor-column elementor-col-33 elementor-top-column elementor-element elementor-element-540e15e\" data-id=\"540e15e\" data-element_type=\"column\">\n\t\t\t<div class=\"elementor-widget-wrap elementor-element-populated\">\n\t\t\t\t\t\t<div class=\"elementor-element elementor-element-4958a8d elementor-widget elementor-widget-image\" data-id=\"4958a8d\" data-element_type=\"widget\" data-widget_type=\"image.default\">\n\t\t\t\t<div class=\"elementor-widget-container\">\n\t\t\t\t\t\t\t\t\t\t\t\t\t\t\t<img decoding=\"async\" width=\"1000\" height=\"1000\" src=\"https:\/\/olddamagedphotorepair.com\/wp-content\/uploads\/2021\/01\/2poster.jpg\" class=\"attachment-large size-large wp-image-2742\" alt=\"\" srcset=\"https:\/\/olddamagedphotorepair.com\/wp-content\/uploads\/2021\/01\/2poster.jpg 1000w, https:\/\/olddamagedphotorepair.com\/wp-content\/uploads\/2021\/01\/2poster-300x300.jpg 300w, https:\/\/olddamagedphotorepair.com\/wp-content\/uploads\/2021\/01\/2poster-150x150.jpg 150w, https:\/\/olddamagedphotorepair.com\/wp-content\/uploads\/2021\/01\/2poster-768x768.jpg 768w, https:\/\/olddamagedphotorepair.com\/wp-content\/uploads\/2021\/01\/2poster-500x500.jpg 500w\" sizes=\"(max-width: 1000px) 100vw, 1000px\" \/>\t\t\t\t\t\t\t\t\t\t\t\t\t\t\t<\/div>\n\t\t\t\t<\/div>\n\t\t\t\t<div class=\"elementor-element elementor-element-526a4c8 elementor-widget elementor-widget-heading\" data-id=\"526a4c8\" data-element_type=\"widget\" data-widget_type=\"heading.default\">\n\t\t\t\t<div class=\"elementor-widget-container\">\n\t\t\t\t\t<h2 class=\"elementor-heading-title elementor-size-default\">\nFotoposter<\/h2>\t\t\t\t<\/div>\n\t\t\t\t<\/div>\n\t\t\t\t\t<\/div>\n\t\t<\/div>\n\t\t\t\t<div class=\"elementor-column elementor-col-33 elementor-top-column elementor-element elementor-element-bfc0814\" data-id=\"bfc0814\" data-element_type=\"column\">\n\t\t\t<div class=\"elementor-widget-wrap elementor-element-populated\">\n\t\t\t\t\t\t<div class=\"elementor-element elementor-element-865f573 elementor-widget elementor-widget-image\" data-id=\"865f573\" data-element_type=\"widget\" data-widget_type=\"image.default\">\n\t\t\t\t<div class=\"elementor-widget-container\">\n\t\t\t\t\t\t\t\t\t\t\t\t\t\t\t<img loading=\"lazy\" decoding=\"async\" width=\"1000\" height=\"1000\" src=\"https:\/\/olddamagedphotorepair.com\/wp-content\/uploads\/2021\/01\/3canvas.jpg\" class=\"attachment-large size-large wp-image-2743\" alt=\"\" srcset=\"https:\/\/olddamagedphotorepair.com\/wp-content\/uploads\/2021\/01\/3canvas.jpg 1000w, https:\/\/olddamagedphotorepair.com\/wp-content\/uploads\/2021\/01\/3canvas-300x300.jpg 300w, https:\/\/olddamagedphotorepair.com\/wp-content\/uploads\/2021\/01\/3canvas-150x150.jpg 150w, https:\/\/olddamagedphotorepair.com\/wp-content\/uploads\/2021\/01\/3canvas-768x768.jpg 768w, https:\/\/olddamagedphotorepair.com\/wp-content\/uploads\/2021\/01\/3canvas-500x500.jpg 500w\" sizes=\"(max-width: 1000px) 100vw, 1000px\" \/>\t\t\t\t\t\t\t\t\t\t\t\t\t\t\t<\/div>\n\t\t\t\t<\/div>\n\t\t\t\t<div class=\"elementor-element elementor-element-e0b9a05 elementor-widget elementor-widget-heading\" data-id=\"e0b9a05\" data-element_type=\"widget\" data-widget_type=\"heading.default\">\n\t\t\t\t<div class=\"elementor-widget-container\">\n\t\t\t\t\t<h2 class=\"elementor-heading-title elementor-size-default\">Foto auf Leinwand<\/h2>\t\t\t\t<\/div>\n\t\t\t\t<\/div>\n\t\t\t\t\t<\/div>\n\t\t<\/div>\n\t\t\t\t\t<\/div>\n\t\t<\/section>\n\t\t\t\t<section class=\"elementor-section elementor-top-section elementor-element elementor-element-0da89b7 elementor-section-stretched elementor-section-height-min-height elementor-section-content-middle elementor-section-boxed elementor-section-height-default elementor-section-items-middle\" data-id=\"0da89b7\" data-element_type=\"section\" data-settings=\"{&quot;stretch_section&quot;:&quot;section-stretched&quot;}\">\n\t\t\t\t\t\t<div class=\"elementor-container elementor-column-gap-default\">\n\t\t\t\t\t<div class=\"elementor-column elementor-col-33 elementor-top-column elementor-element elementor-element-b5dff62\" data-id=\"b5dff62\" data-element_type=\"column\">\n\t\t\t<div class=\"elementor-widget-wrap elementor-element-populated\">\n\t\t\t\t\t\t<div class=\"elementor-element elementor-element-fb63484 elementor-widget elementor-widget-image\" data-id=\"fb63484\" data-element_type=\"widget\" data-widget_type=\"image.default\">\n\t\t\t\t<div class=\"elementor-widget-container\">\n\t\t\t\t\t\t\t\t\t\t\t\t\t\t\t<img loading=\"lazy\" decoding=\"async\" width=\"1000\" height=\"1000\" src=\"https:\/\/olddamagedphotorepair.com\/wp-content\/uploads\/2021\/01\/4wandkleed.jpg\" class=\"attachment-large size-large wp-image-2744\" alt=\"\" srcset=\"https:\/\/olddamagedphotorepair.com\/wp-content\/uploads\/2021\/01\/4wandkleed.jpg 1000w, https:\/\/olddamagedphotorepair.com\/wp-content\/uploads\/2021\/01\/4wandkleed-300x300.jpg 300w, https:\/\/olddamagedphotorepair.com\/wp-content\/uploads\/2021\/01\/4wandkleed-150x150.jpg 150w, https:\/\/olddamagedphotorepair.com\/wp-content\/uploads\/2021\/01\/4wandkleed-768x768.jpg 768w, https:\/\/olddamagedphotorepair.com\/wp-content\/uploads\/2021\/01\/4wandkleed-500x500.jpg 500w\" sizes=\"(max-width: 1000px) 100vw, 1000px\" \/>\t\t\t\t\t\t\t\t\t\t\t\t\t\t\t<\/div>\n\t\t\t\t<\/div>\n\t\t\t\t<div class=\"elementor-element elementor-element-37da4f5 elementor-widget elementor-widget-heading\" data-id=\"37da4f5\" data-element_type=\"widget\" data-widget_type=\"heading.default\">\n\t\t\t\t<div class=\"elementor-widget-container\">\n\t\t\t\t\t<h2 class=\"elementor-heading-title elementor-size-default\">Fototeppich<\/h2>\t\t\t\t<\/div>\n\t\t\t\t<\/div>\n\t\t\t\t\t<\/div>\n\t\t<\/div>\n\t\t\t\t<div class=\"elementor-column elementor-col-33 elementor-top-column elementor-element elementor-element-a1fe930\" data-id=\"a1fe930\" data-element_type=\"column\">\n\t\t\t<div class=\"elementor-widget-wrap elementor-element-populated\">\n\t\t\t\t\t\t<div class=\"elementor-element elementor-element-776e4f4 elementor-widget elementor-widget-image\" data-id=\"776e4f4\" data-element_type=\"widget\" data-widget_type=\"image.default\">\n\t\t\t\t<div class=\"elementor-widget-container\">\n\t\t\t\t\t\t\t\t\t\t\t\t\t\t\t<img loading=\"lazy\" decoding=\"async\" width=\"1000\" height=\"1000\" src=\"https:\/\/olddamagedphotorepair.com\/wp-content\/uploads\/2021\/01\/5spandoek.jpg\" class=\"attachment-large size-large wp-image-2745\" alt=\"\" srcset=\"https:\/\/olddamagedphotorepair.com\/wp-content\/uploads\/2021\/01\/5spandoek.jpg 1000w, https:\/\/olddamagedphotorepair.com\/wp-content\/uploads\/2021\/01\/5spandoek-300x300.jpg 300w, https:\/\/olddamagedphotorepair.com\/wp-content\/uploads\/2021\/01\/5spandoek-150x150.jpg 150w, https:\/\/olddamagedphotorepair.com\/wp-content\/uploads\/2021\/01\/5spandoek-768x768.jpg 768w, https:\/\/olddamagedphotorepair.com\/wp-content\/uploads\/2021\/01\/5spandoek-500x500.jpg 500w\" sizes=\"(max-width: 1000px) 100vw, 1000px\" \/>\t\t\t\t\t\t\t\t\t\t\t\t\t\t\t<\/div>\n\t\t\t\t<\/div>\n\t\t\t\t<div class=\"elementor-element elementor-element-5dc043c elementor-widget elementor-widget-heading\" data-id=\"5dc043c\" data-element_type=\"widget\" data-widget_type=\"heading.default\">\n\t\t\t\t<div class=\"elementor-widget-container\">\n\t\t\t\t\t<h2 class=\"elementor-heading-title elementor-size-default\">Foto auf Gartentarp<\/h2>\t\t\t\t<\/div>\n\t\t\t\t<\/div>\n\t\t\t\t\t<\/div>\n\t\t<\/div>\n\t\t\t\t<div class=\"elementor-column elementor-col-33 elementor-top-column elementor-element elementor-element-869cc9a\" data-id=\"869cc9a\" data-element_type=\"column\">\n\t\t\t<div class=\"elementor-widget-wrap elementor-element-populated\">\n\t\t\t\t\t\t<div class=\"elementor-element elementor-element-3198994 elementor-widget elementor-widget-image\" data-id=\"3198994\" data-element_type=\"widget\" data-widget_type=\"image.default\">\n\t\t\t\t<div class=\"elementor-widget-container\">\n\t\t\t\t\t\t\t\t\t\t\t\t\t\t\t<img loading=\"lazy\" decoding=\"async\" width=\"1000\" height=\"1000\" src=\"https:\/\/olddamagedphotorepair.com\/wp-content\/uploads\/2021\/01\/6behang.jpg\" class=\"attachment-large size-large wp-image-2746\" alt=\"\" srcset=\"https:\/\/olddamagedphotorepair.com\/wp-content\/uploads\/2021\/01\/6behang.jpg 1000w, https:\/\/olddamagedphotorepair.com\/wp-content\/uploads\/2021\/01\/6behang-300x300.jpg 300w, https:\/\/olddamagedphotorepair.com\/wp-content\/uploads\/2021\/01\/6behang-150x150.jpg 150w, https:\/\/olddamagedphotorepair.com\/wp-content\/uploads\/2021\/01\/6behang-768x768.jpg 768w, https:\/\/olddamagedphotorepair.com\/wp-content\/uploads\/2021\/01\/6behang-500x500.jpg 500w\" sizes=\"(max-width: 1000px) 100vw, 1000px\" \/>\t\t\t\t\t\t\t\t\t\t\t\t\t\t\t<\/div>\n\t\t\t\t<\/div>\n\t\t\t\t<div class=\"elementor-element elementor-element-5513e8b elementor-widget elementor-widget-heading\" data-id=\"5513e8b\" data-element_type=\"widget\" data-widget_type=\"heading.default\">\n\t\t\t\t<div class=\"elementor-widget-container\">\n\t\t\t\t\t<h2 class=\"elementor-heading-title elementor-size-default\">Fototapete<\/h2>\t\t\t\t<\/div>\n\t\t\t\t<\/div>\n\t\t\t\t\t<\/div>\n\t\t<\/div>\n\t\t\t\t\t<\/div>\n\t\t<\/section>\n\t\t\t\t<section class=\"elementor-section elementor-top-section elementor-element elementor-element-89dbc49 elementor-section-stretched elementor-section-height-min-height elementor-section-content-middle elementor-section-boxed elementor-section-height-default elementor-section-items-middle\" data-id=\"89dbc49\" data-element_type=\"section\" data-settings=\"{&quot;stretch_section&quot;:&quot;section-stretched&quot;}\">\n\t\t\t\t\t\t<div class=\"elementor-container elementor-column-gap-default\">\n\t\t\t\t\t<div class=\"elementor-column elementor-col-33 elementor-top-column elementor-element elementor-element-fd550e6\" data-id=\"fd550e6\" data-element_type=\"column\">\n\t\t\t<div class=\"elementor-widget-wrap elementor-element-populated\">\n\t\t\t\t\t\t<div class=\"elementor-element elementor-element-be7d8be elementor-widget elementor-widget-image\" data-id=\"be7d8be\" data-element_type=\"widget\" data-widget_type=\"image.default\">\n\t\t\t\t<div class=\"elementor-widget-container\">\n\t\t\t\t\t\t\t\t\t\t\t\t\t\t\t<img loading=\"lazy\" decoding=\"async\" width=\"1000\" height=\"1000\" src=\"https:\/\/olddamagedphotorepair.com\/wp-content\/uploads\/2021\/02\/7dibond-.jpg\" class=\"attachment-large size-large wp-image-2747\" alt=\"\" srcset=\"https:\/\/olddamagedphotorepair.com\/wp-content\/uploads\/2021\/02\/7dibond-.jpg 1000w, https:\/\/olddamagedphotorepair.com\/wp-content\/uploads\/2021\/02\/7dibond--300x300.jpg 300w, https:\/\/olddamagedphotorepair.com\/wp-content\/uploads\/2021\/02\/7dibond--150x150.jpg 150w, https:\/\/olddamagedphotorepair.com\/wp-content\/uploads\/2021\/02\/7dibond--768x768.jpg 768w, https:\/\/olddamagedphotorepair.com\/wp-content\/uploads\/2021\/02\/7dibond--500x500.jpg 500w\" sizes=\"(max-width: 1000px) 100vw, 1000px\" \/>\t\t\t\t\t\t\t\t\t\t\t\t\t\t\t<\/div>\n\t\t\t\t<\/div>\n\t\t\t\t<div class=\"elementor-element elementor-element-f716974 elementor-widget elementor-widget-heading\" data-id=\"f716974\" data-element_type=\"widget\" data-widget_type=\"heading.default\">\n\t\t\t\t<div class=\"elementor-widget-container\">\n\t\t\t\t\t<h2 class=\"elementor-heading-title elementor-size-default\">Foto auf Dibond<\/h2>\t\t\t\t<\/div>\n\t\t\t\t<\/div>\n\t\t\t\t\t<\/div>\n\t\t<\/div>\n\t\t\t\t<div class=\"elementor-column elementor-col-33 elementor-top-column elementor-element elementor-element-28fc7a0\" data-id=\"28fc7a0\" data-element_type=\"column\">\n\t\t\t<div class=\"elementor-widget-wrap elementor-element-populated\">\n\t\t\t\t\t\t<div class=\"elementor-element elementor-element-de239a7 elementor-widget elementor-widget-image\" data-id=\"de239a7\" data-element_type=\"widget\" data-widget_type=\"image.default\">\n\t\t\t\t<div class=\"elementor-widget-container\">\n\t\t\t\t\t\t\t\t\t\t\t\t\t\t\t<img loading=\"lazy\" decoding=\"async\" width=\"1000\" height=\"1000\" src=\"https:\/\/olddamagedphotorepair.com\/wp-content\/uploads\/2021\/02\/8plexiglas-.jpg\" class=\"attachment-large size-large wp-image-2748\" alt=\"\" srcset=\"https:\/\/olddamagedphotorepair.com\/wp-content\/uploads\/2021\/02\/8plexiglas-.jpg 1000w, https:\/\/olddamagedphotorepair.com\/wp-content\/uploads\/2021\/02\/8plexiglas--300x300.jpg 300w, https:\/\/olddamagedphotorepair.com\/wp-content\/uploads\/2021\/02\/8plexiglas--150x150.jpg 150w, https:\/\/olddamagedphotorepair.com\/wp-content\/uploads\/2021\/02\/8plexiglas--768x768.jpg 768w, https:\/\/olddamagedphotorepair.com\/wp-content\/uploads\/2021\/02\/8plexiglas--500x500.jpg 500w\" sizes=\"(max-width: 1000px) 100vw, 1000px\" \/>\t\t\t\t\t\t\t\t\t\t\t\t\t\t\t<\/div>\n\t\t\t\t<\/div>\n\t\t\t\t<div class=\"elementor-element elementor-element-b102abd elementor-widget elementor-widget-heading\" data-id=\"b102abd\" data-element_type=\"widget\" data-widget_type=\"heading.default\">\n\t\t\t\t<div class=\"elementor-widget-container\">\n\t\t\t\t\t<h2 class=\"elementor-heading-title elementor-size-default\">Foto auf Plexiglas<\/h2>\t\t\t\t<\/div>\n\t\t\t\t<\/div>\n\t\t\t\t\t<\/div>\n\t\t<\/div>\n\t\t\t\t<div class=\"elementor-column elementor-col-33 elementor-top-column elementor-element elementor-element-0c781e5\" data-id=\"0c781e5\" data-element_type=\"column\">\n\t\t\t<div class=\"elementor-widget-wrap elementor-element-populated\">\n\t\t\t\t\t\t<div class=\"elementor-element elementor-element-4dc68a6 elementor-widget elementor-widget-image\" data-id=\"4dc68a6\" data-element_type=\"widget\" data-widget_type=\"image.default\">\n\t\t\t\t<div class=\"elementor-widget-container\">\n\t\t\t\t\t\t\t\t\t\t\t\t\t\t\t<img loading=\"lazy\" decoding=\"async\" width=\"1000\" height=\"1000\" src=\"https:\/\/olddamagedphotorepair.com\/wp-content\/uploads\/2021\/02\/9aluminium-.jpg\" class=\"attachment-large size-large wp-image-2749\" alt=\"\" srcset=\"https:\/\/olddamagedphotorepair.com\/wp-content\/uploads\/2021\/02\/9aluminium-.jpg 1000w, https:\/\/olddamagedphotorepair.com\/wp-content\/uploads\/2021\/02\/9aluminium--300x300.jpg 300w, https:\/\/olddamagedphotorepair.com\/wp-content\/uploads\/2021\/02\/9aluminium--150x150.jpg 150w, https:\/\/olddamagedphotorepair.com\/wp-content\/uploads\/2021\/02\/9aluminium--768x768.jpg 768w, https:\/\/olddamagedphotorepair.com\/wp-content\/uploads\/2021\/02\/9aluminium--500x500.jpg 500w\" sizes=\"(max-width: 1000px) 100vw, 1000px\" \/>\t\t\t\t\t\t\t\t\t\t\t\t\t\t\t<\/div>\n\t\t\t\t<\/div>\n\t\t\t\t<div class=\"elementor-element elementor-element-f41eccc elementor-widget elementor-widget-heading\" data-id=\"f41eccc\" data-element_type=\"widget\" data-widget_type=\"heading.default\">\n\t\t\t\t<div class=\"elementor-widget-container\">\n\t\t\t\t\t<h2 class=\"elementor-heading-title elementor-size-default\">Foto auf Aluminium<\/h2>\t\t\t\t<\/div>\n\t\t\t\t<\/div>\n\t\t\t\t\t<\/div>\n\t\t<\/div>\n\t\t\t\t\t<\/div>\n\t\t<\/section>\n\t\t\t\t<section class=\"elementor-section elementor-top-section elementor-element elementor-element-2f22844 elementor-section-stretched elementor-hidden-tablet elementor-hidden-phone elementor-section-boxed elementor-section-height-default elementor-section-height-default\" data-id=\"2f22844\" data-element_type=\"section\" data-settings=\"{&quot;background_background&quot;:&quot;classic&quot;,&quot;stretch_section&quot;:&quot;section-stretched&quot;}\">\n\t\t\t\t\t\t<div class=\"elementor-container elementor-column-gap-default\">\n\t\t\t\t\t<div class=\"elementor-column elementor-col-100 elementor-top-column elementor-element elementor-element-18659b6\" data-id=\"18659b6\" data-element_type=\"column\">\n\t\t\t<div class=\"elementor-widget-wrap\">\n\t\t\t\t\t\t\t<\/div>\n\t\t<\/div>\n\t\t\t\t\t<\/div>\n\t\t<\/section>\n\t\t\t\t<\/div>\n\t\t","protected":false},"excerpt":{"rendered":"<p>Fotodrucke Erwecken Sie Ihre wertvollen, restaurierten Fotos mit unseren hochwertigen Druckservices zum Leben. Wir bieten eine Vielzahl von Premium-Materialien, um sicherzustellen, dass Ihre Erinnerungen wundersch\u00f6n bewahrt und ausgestellt werden. Ob nostalgisches Familienportr\u00e4t oder gesch\u00e4tzte Landschaft, Sie finden die perfekte Option f\u00fcr Ihr einzigartiges Foto. Unsere beliebtesten Fotodruckprodukte Wandbildteppich: Verwandeln Sie Ihr restauriertes Foto in ein [&hellip;]<\/p>\n","protected":false},"author":1,"featured_media":0,"parent":0,"menu_order":0,"comment_status":"closed","ping_status":"closed","template":"elementor_header_footer","meta":{"_acf_changed":false,"footnotes":""},"class_list":["post-2731","page","type-page","status-publish","hentry"],"acf":[],"_links":{"self":[{"href":"https:\/\/olddamagedphotorepair.com\/de\/wp-json\/wp\/v2\/pages\/2731","targetHints":{"allow":["GET"]}}],"collection":[{"href":"https:\/\/olddamagedphotorepair.com\/de\/wp-json\/wp\/v2\/pages"}],"about":[{"href":"https:\/\/olddamagedphotorepair.com\/de\/wp-json\/wp\/v2\/types\/page"}],"author":[{"embeddable":true,"href":"https:\/\/olddamagedphotorepair.com\/de\/wp-json\/wp\/v2\/users\/1"}],"replies":[{"embeddable":true,"href":"https:\/\/olddamagedphotorepair.com\/de\/wp-json\/wp\/v2\/comments?post=2731"}],"version-history":[{"count":0,"href":"https:\/\/olddamagedphotorepair.com\/de\/wp-json\/wp\/v2\/pages\/2731\/revisions"}],"wp:attachment":[{"href":"https:\/\/olddamagedphotorepair.com\/de\/wp-json\/wp\/v2\/media?parent=2731"}],"curies":[{"name":"wp","href":"https:\/\/api.w.org\/{rel}","templated":true}]}}