{"id":2806,"date":"2021-02-02T11:19:54","date_gmt":"2021-02-02T10:19:54","guid":{"rendered":"https:\/\/olddamagedphotorepair.com\/fotodrucke\/unsere-arbeitsweise-bei-der-fotorestaurierung\/"},"modified":"2025-09-15T10:46:42","modified_gmt":"2025-09-15T08:46:42","slug":"unsere-arbeitsweise-bei-der-fotorestaurierung","status":"publish","type":"page","link":"https:\/\/olddamagedphotorepair.com\/de\/fotodrucke\/unsere-arbeitsweise-bei-der-fotorestaurierung\/","title":{"rendered":"Unsere Arbeitsweise bei der Fotorestaurierung"},"content":{"rendered":"\t\t<div data-elementor-type=\"wp-page\" data-elementor-id=\"2806\" class=\"elementor elementor-2806 elementor-848\">\n\t\t\t\t\t\t<section class=\"elementor-section elementor-top-section elementor-element elementor-element-1d25368d elementor-section-full_width elementor-section-height-min-height elementor-hidden-phone elementor-section-stretched elementor-section-height-default elementor-section-items-middle\" data-id=\"1d25368d\" data-element_type=\"section\" data-settings=\"{&quot;background_background&quot;:&quot;classic&quot;,&quot;stretch_section&quot;:&quot;section-stretched&quot;}\">\n\t\t\t\t\t\t<div class=\"elementor-container elementor-column-gap-no\">\n\t\t\t\t\t<div class=\"elementor-column elementor-col-100 elementor-top-column elementor-element elementor-element-4e0957b3\" data-id=\"4e0957b3\" data-element_type=\"column\">\n\t\t\t<div class=\"elementor-widget-wrap\">\n\t\t\t\t\t\t\t<\/div>\n\t\t<\/div>\n\t\t\t\t\t<\/div>\n\t\t<\/section>\n\t\t\t\t<section class=\"elementor-section elementor-top-section elementor-element elementor-element-f40c870 elementor-section-full_width elementor-section-height-min-height elementor-section-stretched elementor-hidden-desktop elementor-hidden-tablet elementor-section-height-default elementor-section-items-middle\" data-id=\"f40c870\" data-element_type=\"section\" data-settings=\"{&quot;background_background&quot;:&quot;classic&quot;,&quot;stretch_section&quot;:&quot;section-stretched&quot;}\">\n\t\t\t\t\t\t<div class=\"elementor-container elementor-column-gap-no\">\n\t\t\t\t\t<div class=\"elementor-column elementor-col-100 elementor-top-column elementor-element elementor-element-5e13494\" data-id=\"5e13494\" data-element_type=\"column\">\n\t\t\t<div class=\"elementor-widget-wrap\">\n\t\t\t\t\t\t\t<\/div>\n\t\t<\/div>\n\t\t\t\t\t<\/div>\n\t\t<\/section>\n\t\t\t\t<section class=\"elementor-section elementor-top-section elementor-element elementor-element-5e38da6 elementor-section-stretched elementor-section-boxed elementor-section-height-default elementor-section-height-default\" data-id=\"5e38da6\" data-element_type=\"section\" data-settings=\"{&quot;background_background&quot;:&quot;classic&quot;,&quot;stretch_section&quot;:&quot;section-stretched&quot;}\">\n\t\t\t\t\t\t<div class=\"elementor-container elementor-column-gap-default\">\n\t\t\t\t\t<div class=\"elementor-column elementor-col-100 elementor-top-column elementor-element elementor-element-7220d72e\" data-id=\"7220d72e\" data-element_type=\"column\">\n\t\t\t<div class=\"elementor-widget-wrap elementor-element-populated\">\n\t\t\t\t\t\t<div class=\"elementor-element elementor-element-3de98bce elementor-widget elementor-widget-image\" data-id=\"3de98bce\" data-element_type=\"widget\" data-widget_type=\"image.default\">\n\t\t\t\t<div class=\"elementor-widget-container\">\n\t\t\t\t\t\t\t\t\t\t\t\t\t\t\t<img fetchpriority=\"high\" decoding=\"async\" width=\"283\" height=\"210\" src=\"https:\/\/olddamagedphotorepair.com\/wp-content\/uploads\/2021\/02\/negatief.png\" class=\"attachment-full size-full wp-image-2811\" alt=\"\" \/>\t\t\t\t\t\t\t\t\t\t\t\t\t\t\t<\/div>\n\t\t\t\t<\/div>\n\t\t\t\t<div class=\"elementor-element elementor-element-5741be4 elementor-widget elementor-widget-heading\" data-id=\"5741be4\" data-element_type=\"widget\" data-widget_type=\"heading.default\">\n\t\t\t\t<div class=\"elementor-widget-container\">\n\t\t\t\t\t<h2 class=\"elementor-heading-title elementor-size-default\">ARBEITSWEISE<\/h2>\t\t\t\t<\/div>\n\t\t\t\t<\/div>\n\t\t\t\t<section class=\"elementor-section elementor-inner-section elementor-element elementor-element-3d7cc011 elementor-section-boxed elementor-section-height-default elementor-section-height-default\" data-id=\"3d7cc011\" data-element_type=\"section\">\n\t\t\t\t\t\t<div class=\"elementor-container elementor-column-gap-default\">\n\t\t\t\t\t<div class=\"elementor-column elementor-col-100 elementor-inner-column elementor-element elementor-element-6ad46226\" data-id=\"6ad46226\" data-element_type=\"column\">\n\t\t\t<div class=\"elementor-widget-wrap elementor-element-populated\">\n\t\t\t\t\t\t<div class=\"elementor-element elementor-element-18ae9901 elementor-widget elementor-widget-heading\" data-id=\"18ae9901\" data-element_type=\"widget\" data-widget_type=\"heading.default\">\n\t\t\t\t<div class=\"elementor-widget-container\">\n\t\t\t\t\t<h2 class=\"elementor-heading-title elementor-size-default\">IHRE WERTVOLLSTE ERINNERUNG PROFESSIONELL RESTAURIERT<\/h2>\t\t\t\t<\/div>\n\t\t\t\t<\/div>\n\t\t\t\t<div class=\"elementor-element elementor-element-7b5f5475 elementor-widget elementor-widget-text-editor\" data-id=\"7b5f5475\" data-element_type=\"widget\" data-widget_type=\"text-editor.default\">\n\t\t\t\t<div class=\"elementor-widget-container\">\n\t\t\t\t\t\t\t\t\t<p class=\"p1\"><span class=\"s1\">Die Kosten f\u00fcr die Restaurierung eines alten Fotos h\u00e4ngen vom Ausma\u00df der Besch\u00e4digung und der Art des Fotopapiers ab. Auch der Zustand und die Gr\u00f6\u00dfe des Fotos spielen eine Rolle. Eine Restaurierung kann einfach bis sehr komplex sein, weshalb die Preise pro Foto variieren. Ihr Foto wird zun\u00e4chst sorgf\u00e4ltig gepr\u00fcft, bevor Sie ein unverbindliches Angebot erhalten. Auf diese Weise zahlen Sie nie zu viel.    <\/span><\/p><p class=\"p1\"><span class=\"s1\">Sie k\u00f6nnen uns das Foto per Post, E-Mail oder \u00fcber WeTransfer zusammen mit einer klaren Beschreibung Ihrer W\u00fcnsche, der gew\u00fcnschten Anzahl an Abz\u00fcgen und Gr\u00f6\u00dfen sowie Ihren Kontaktdaten (Adresse und Telefonnummer) zusenden. Wenn Sie das Foto per Post senden, empfehlen wir Ihnen, dies in einem stabilen Umschlag und per Einschreiben zu tun. Wir sind nicht verantwortlich f\u00fcr Verlust oder Besch\u00e4digung w\u00e4hrend der Postzustellung. Wenn Sie das Foto per E-Mail senden, tun Sie dies bitte in der gr\u00f6\u00dftm\u00f6glichen Gr\u00f6\u00dfe und als JPG-Datei.   <\/span><\/p>\t\t\t\t\t\t\t\t<\/div>\n\t\t\t\t<\/div>\n\t\t\t\t\t<\/div>\n\t\t<\/div>\n\t\t\t\t\t<\/div>\n\t\t<\/section>\n\t\t\t\t\t<\/div>\n\t\t<\/div>\n\t\t\t\t\t<\/div>\n\t\t<\/section>\n\t\t\t\t<\/div>\n\t\t","protected":false},"excerpt":{"rendered":"<p>ARBEITSWEISE IHRE WERTVOLLSTE ERINNERUNG PROFESSIONELL RESTAURIERT Die Kosten f\u00fcr die Restaurierung eines alten Fotos h\u00e4ngen vom Ausma\u00df der Besch\u00e4digung und der Art des Fotopapiers ab. Auch der Zustand und die Gr\u00f6\u00dfe des Fotos spielen eine Rolle. Eine Restaurierung kann einfach bis sehr komplex sein, weshalb die Preise pro Foto variieren. Ihr Foto wird zun\u00e4chst sorgf\u00e4ltig [&hellip;]<\/p>\n","protected":false},"author":1,"featured_media":0,"parent":2731,"menu_order":0,"comment_status":"closed","ping_status":"closed","template":"elementor_header_footer","meta":{"_acf_changed":false,"footnotes":""},"class_list":["post-2806","page","type-page","status-publish","hentry"],"acf":[],"_links":{"self":[{"href":"https:\/\/olddamagedphotorepair.com\/de\/wp-json\/wp\/v2\/pages\/2806","targetHints":{"allow":["GET"]}}],"collection":[{"href":"https:\/\/olddamagedphotorepair.com\/de\/wp-json\/wp\/v2\/pages"}],"about":[{"href":"https:\/\/olddamagedphotorepair.com\/de\/wp-json\/wp\/v2\/types\/page"}],"author":[{"embeddable":true,"href":"https:\/\/olddamagedphotorepair.com\/de\/wp-json\/wp\/v2\/users\/1"}],"replies":[{"embeddable":true,"href":"https:\/\/olddamagedphotorepair.com\/de\/wp-json\/wp\/v2\/comments?post=2806"}],"version-history":[{"count":0,"href":"https:\/\/olddamagedphotorepair.com\/de\/wp-json\/wp\/v2\/pages\/2806\/revisions"}],"up":[{"embeddable":true,"href":"https:\/\/olddamagedphotorepair.com\/de\/wp-json\/wp\/v2\/pages\/2731"}],"wp:attachment":[{"href":"https:\/\/olddamagedphotorepair.com\/de\/wp-json\/wp\/v2\/media?parent=2806"}],"curies":[{"name":"wp","href":"https:\/\/api.w.org\/{rel}","templated":true}]}}