{"id":2012,"date":"2025-08-29T16:14:06","date_gmt":"2025-08-29T14:14:06","guid":{"rendered":"https:\/\/olddamagedphotorepair.com\/reparacion-y-recuperacion-de-fotos-con-ia\/"},"modified":"2025-09-15T10:42:26","modified_gmt":"2025-09-15T08:42:26","slug":"reparacion-y-recuperacion-de-fotos-con-ia","status":"publish","type":"page","link":"https:\/\/olddamagedphotorepair.com\/es\/reparacion-y-recuperacion-de-fotos-con-ia\/","title":{"rendered":"Reparaci\u00f3n y recuperaci\u00f3n de fotos con IA"},"content":{"rendered":"\t\t<div data-elementor-type=\"wp-page\" data-elementor-id=\"2012\" class=\"elementor elementor-2012 elementor-1900\">\n\t\t\t\t\t\t<section class=\"elementor-section elementor-top-section elementor-element elementor-element-1db7cf31 elementor-section-full_width elementor-section-height-min-height elementor-hidden-phone elementor-section-stretched elementor-section-height-default elementor-section-items-middle\" data-id=\"1db7cf31\" data-element_type=\"section\" data-settings=\"{&quot;background_background&quot;:&quot;classic&quot;,&quot;stretch_section&quot;:&quot;section-stretched&quot;}\">\n\t\t\t\t\t\t<div class=\"elementor-container elementor-column-gap-no\">\n\t\t\t\t\t<div class=\"elementor-column elementor-col-100 elementor-top-column elementor-element elementor-element-7342490a\" data-id=\"7342490a\" data-element_type=\"column\">\n\t\t\t<div class=\"elementor-widget-wrap\">\n\t\t\t\t\t\t\t<\/div>\n\t\t<\/div>\n\t\t\t\t\t<\/div>\n\t\t<\/section>\n\t\t\t\t<section class=\"elementor-section elementor-top-section elementor-element elementor-element-390f5a22 elementor-section-stretched elementor-section-boxed elementor-section-height-default elementor-section-height-default\" data-id=\"390f5a22\" data-element_type=\"section\" data-settings=\"{&quot;background_background&quot;:&quot;classic&quot;,&quot;stretch_section&quot;:&quot;section-stretched&quot;}\">\n\t\t\t\t\t\t<div class=\"elementor-container elementor-column-gap-default\">\n\t\t\t\t\t<div class=\"elementor-column elementor-col-100 elementor-top-column elementor-element elementor-element-2110cbde\" data-id=\"2110cbde\" data-element_type=\"column\">\n\t\t\t<div class=\"elementor-widget-wrap elementor-element-populated\">\n\t\t\t\t\t\t<div class=\"elementor-element elementor-element-2e65f5e4 elementor-widget elementor-widget-heading\" data-id=\"2e65f5e4\" data-element_type=\"widget\" data-widget_type=\"heading.default\">\n\t\t\t\t<div class=\"elementor-widget-container\">\n\t\t\t\t\t<h2 class=\"elementor-heading-title elementor-size-default\">IA y edici\u00f3n de fotos: \u00bfMagia o la ilusi\u00f3n de la perfecci\u00f3n?<\/h2>\t\t\t\t<\/div>\n\t\t\t\t<\/div>\n\t\t\t\t<div class=\"elementor-element elementor-element-1417b41 elementor-widget elementor-widget-text-editor\" data-id=\"1417b41\" data-element_type=\"widget\" data-widget_type=\"text-editor.default\">\n\t\t\t\t<div class=\"elementor-widget-container\">\n\t\t\t\t\t\t\t\t\t<p>El t\u00e9rmino &#8216;IA&#8217; a menudo suena a magia. Con solo unos pocos clics, podemos transformar fotos: un cielo nublado se convierte en un azul vibrante, los rostros se suavizan y las imperfecciones desaparecen. Pero, \u00bfes esta \u00abperfecci\u00f3n\u00bb siempre el mejor enfoque? \u00bfY es tan impecable como parece?<\/p><h4>La ilusi\u00f3n de la IA: \u00bfqu\u00e9 sale mal?<\/h4><p>La edici\u00f3n de fotos con IA es una herramienta poderosa, pero no es una cura milagrosa. Es crucial comprender sus limitaciones. Un problema importante es que la IA carece de <b>contexto<\/b>. No conoce la historia o la emoci\u00f3n detr\u00e1s de una foto, lo que lleva a efectos no deseados. Por ejemplo, la IA podr\u00eda blanquear los dientes hasta un punto que parezca falso o suavizar la piel de forma poco natural. En una foto de paisaje, podr\u00eda realzar los colores, pero tambi\u00e9n borrar las sombras sutiles que proporcionan profundidad.<\/p><p>Otro riesgo es la <b>uniformidad<\/b>. Cuando todo el mundo utiliza los mismos filtros de IA, las fotos empiezan a parecer id\u00e9nticas, perdiendo su autenticidad y estilo \u00fanico. Aqu\u00ed es donde el toque humano se vuelve esencial.<\/p>\t\t\t\t\t\t\t\t<\/div>\n\t\t\t\t<\/div>\n\t\t\t\t<section class=\"elementor-section elementor-inner-section elementor-element elementor-element-7ca6459 elementor-section-boxed elementor-section-height-default elementor-section-height-default\" data-id=\"7ca6459\" data-element_type=\"section\">\n\t\t\t\t\t\t<div class=\"elementor-container elementor-column-gap-default\">\n\t\t\t\t\t<div class=\"elementor-column elementor-col-50 elementor-inner-column elementor-element elementor-element-b28c548\" data-id=\"b28c548\" data-element_type=\"column\">\n\t\t\t<div class=\"elementor-widget-wrap elementor-element-populated\">\n\t\t\t\t\t\t<div class=\"elementor-element elementor-element-4caf31c elementor-widget elementor-widget-text-editor\" data-id=\"4caf31c\" data-element_type=\"widget\" data-widget_type=\"text-editor.default\">\n\t\t\t\t<div class=\"elementor-widget-container\">\n\t\t\t\t\t\t\t\t\t<h4>El indispensable toque humano<\/h4><p>Si bien las herramientas de IA son fant\u00e1sticos ahorradores de tiempo para ediciones b\u00e1sicas como el recorte y los ajustes de exposici\u00f3n, un <b>toque final humano<\/b> es vital para elevar verdaderamente una foto. Un ojo humano puede reconocer matices y sutilezas. Un editor profesional sabe cu\u00e1ndo mantener un poco de grano para mantener la atm\u00f3sfera o suavizar suavemente la textura de la piel en lugar de eliminarla por completo. Este toque humano se trata de tomar decisiones art\u00edsticas conscientes que transforman una imagen procesada en una obra de arte y crean una conexi\u00f3n emocional con el espectador.<\/p><p>En <b>olddamagedphotorepair.com<\/b>, vemos la IA como un socio valioso, pero nunca como el director de su creaci\u00f3n. Creemos que la verdadera magia reside en combinar la velocidad de la tecnolog\u00eda con la perspicacia y la precisi\u00f3n de la experiencia humana. Nuestro servicio est\u00e1 dise\u00f1ado para perfeccionar el trabajo de la IA con el indispensable toque humano.<\/p>\t\t\t\t\t\t\t\t<\/div>\n\t\t\t\t<\/div>\n\t\t\t\t<div class=\"elementor-element elementor-element-c89bbfe elementor-align-center elementor-widget elementor-widget-button\" data-id=\"c89bbfe\" data-element_type=\"widget\" data-widget_type=\"button.default\">\n\t\t\t\t<div class=\"elementor-widget-container\">\n\t\t\t\t\t\t\t\t\t<div class=\"elementor-button-wrapper\">\n\t\t\t\t\t<a class=\"elementor-button elementor-button-link elementor-size-sm\" href=\"https:\/\/olddamagedphotorepair.com\/contact\/\">\n\t\t\t\t\t\t<span class=\"elementor-button-content-wrapper\">\n\t\t\t\t\t\t\t\t\t<span class=\"elementor-button-text\">\u00bfTiene curiosidad y alguna pregunta? P\u00f3ngase en contacto con nosotros ahora.<\/span>\n\t\t\t\t\t<\/span>\n\t\t\t\t\t<\/a>\n\t\t\t\t<\/div>\n\t\t\t\t\t\t\t\t<\/div>\n\t\t\t\t<\/div>\n\t\t\t\t\t<\/div>\n\t\t<\/div>\n\t\t\t\t<div class=\"elementor-column elementor-col-50 elementor-inner-column elementor-element elementor-element-b0d5a3b\" data-id=\"b0d5a3b\" data-element_type=\"column\">\n\t\t\t<div class=\"elementor-widget-wrap elementor-element-populated\">\n\t\t\t\t\t\t<div class=\"elementor-element elementor-element-c326854 elementor-widget elementor-widget-image\" data-id=\"c326854\" data-element_type=\"widget\" data-widget_type=\"image.default\">\n\t\t\t\t<div class=\"elementor-widget-container\">\n\t\t\t\t\t\t\t\t\t\t\t\t\t\t\t<img fetchpriority=\"high\" decoding=\"async\" width=\"768\" height=\"1024\" src=\"https:\/\/olddamagedphotorepair.com\/wp-content\/uploads\/2025\/08\/old-woman-her-young-version-768x1024.jpg\" class=\"attachment-large size-large wp-image-2014\" alt=\"\" srcset=\"https:\/\/olddamagedphotorepair.com\/wp-content\/uploads\/2025\/08\/old-woman-her-young-version-768x1024.jpg 768w, https:\/\/olddamagedphotorepair.com\/wp-content\/uploads\/2025\/08\/old-woman-her-young-version-225x300.jpg 225w, https:\/\/olddamagedphotorepair.com\/wp-content\/uploads\/2025\/08\/old-woman-her-young-version-1152x1536.jpg 1152w, https:\/\/olddamagedphotorepair.com\/wp-content\/uploads\/2025\/08\/old-woman-her-young-version-1536x2048.jpg 1536w, https:\/\/olddamagedphotorepair.com\/wp-content\/uploads\/2025\/08\/old-woman-her-young-version-scaled.jpg 1920w\" sizes=\"(max-width: 768px) 100vw, 768px\" \/>\t\t\t\t\t\t\t\t\t\t\t\t\t\t\t<\/div>\n\t\t\t\t<\/div>\n\t\t\t\t\t<\/div>\n\t\t<\/div>\n\t\t\t\t\t<\/div>\n\t\t<\/section>\n\t\t\t\t<section class=\"elementor-section elementor-inner-section elementor-element elementor-element-5aa0c17 elementor-section-boxed elementor-section-height-default elementor-section-height-default\" data-id=\"5aa0c17\" data-element_type=\"section\">\n\t\t\t\t\t\t<div class=\"elementor-container elementor-column-gap-default\">\n\t\t\t\t\t<div class=\"elementor-column elementor-col-50 elementor-inner-column elementor-element elementor-element-9e7e5cb\" data-id=\"9e7e5cb\" data-element_type=\"column\">\n\t\t\t<div class=\"elementor-widget-wrap elementor-element-populated\">\n\t\t\t\t\t\t<div class=\"elementor-element elementor-element-2f05f2a elementor-widget elementor-widget-image\" data-id=\"2f05f2a\" data-element_type=\"widget\" data-widget_type=\"image.default\">\n\t\t\t\t<div class=\"elementor-widget-container\">\n\t\t\t\t\t\t\t\t\t\t\t\t\t\t\t<img decoding=\"async\" src=\"https:\/\/olddamagedphotorepair.com\/wp-content\/uploads\/elementor\/thumbs\/front-view-beautiful-couple-posing-vintage-portrait-1-scaled-raz3fhfdy074385qab7cw7eow3m2aa6rlohiy8d05e.jpg\" title=\"front-view-beautiful-couple-posing-vintage-portrait (1)\" alt=\"front-view-beautiful-couple-posing-vintage-portrait (1)\" loading=\"lazy\" \/>\t\t\t\t\t\t\t\t\t\t\t\t\t\t\t<\/div>\n\t\t\t\t<\/div>\n\t\t\t\t\t<\/div>\n\t\t<\/div>\n\t\t\t\t<div class=\"elementor-column elementor-col-50 elementor-inner-column elementor-element elementor-element-8ecf208\" data-id=\"8ecf208\" data-element_type=\"column\">\n\t\t\t<div class=\"elementor-widget-wrap elementor-element-populated\">\n\t\t\t\t\t\t<div class=\"elementor-element elementor-element-a77a6ec elementor-widget elementor-widget-text-editor\" data-id=\"a77a6ec\" data-element_type=\"widget\" data-widget_type=\"text-editor.default\">\n\t\t\t\t<div class=\"elementor-widget-container\">\n\t\t\t\t\t\t\t\t\t<h4>\u00bfPor qu\u00e9 elegir a un profesional?<\/h4><p>Es posible que tenga una foto que tenga un gran significado: un retrato preciado, una instant\u00e1nea de vacaciones memorable o un paisaje impresionante. Ha utilizado la IA para sentar las bases, pero todav\u00eda falta algo. Los colores pueden ser demasiado fuertes, las sombras planas o una expresi\u00f3n parece poco natural.<\/p><p>Aqu\u00ed es cuando entramos nosotros. Nuestros especialistas en olddamagedphotobrepair.com combinan a\u00f1os de experiencia con software avanzado. Escuchamos su historia y entendemos los matices que la IA pasa por alto. Podemos restaurar las sombras para crear profundidad, retocar suavemente la piel sin borrar el car\u00e1cter y realzar la emoci\u00f3n en un retrato a trav\u00e9s de ajustes manuales sutiles.<\/p>\t\t\t\t\t\t\t\t<\/div>\n\t\t\t\t<\/div>\n\t\t\t\t\t<\/div>\n\t\t<\/div>\n\t\t\t\t\t<\/div>\n\t\t<\/section>\n\t\t\t\t<div class=\"elementor-element elementor-element-c480374 elementor-widget elementor-widget-spacer\" data-id=\"c480374\" data-element_type=\"widget\" data-widget_type=\"spacer.default\">\n\t\t\t\t<div class=\"elementor-widget-container\">\n\t\t\t\t\t\t\t<div class=\"elementor-spacer\">\n\t\t\t<div class=\"elementor-spacer-inner\"><\/div>\n\t\t<\/div>\n\t\t\t\t\t\t<\/div>\n\t\t\t\t<\/div>\n\t\t\t\t<section class=\"elementor-section elementor-inner-section elementor-element elementor-element-84e22bf elementor-section-boxed elementor-section-height-default elementor-section-height-default\" data-id=\"84e22bf\" data-element_type=\"section\">\n\t\t\t\t\t\t<div class=\"elementor-container elementor-column-gap-default\">\n\t\t\t\t\t<div class=\"elementor-column elementor-col-50 elementor-inner-column elementor-element elementor-element-47cf865\" data-id=\"47cf865\" data-element_type=\"column\">\n\t\t\t<div class=\"elementor-widget-wrap elementor-element-populated\">\n\t\t\t\t\t\t<div class=\"elementor-element elementor-element-8cbbf74 elementor-widget elementor-widget-text-editor\" data-id=\"8cbbf74\" data-element_type=\"widget\" data-widget_type=\"text-editor.default\">\n\t\t\t\t<div class=\"elementor-widget-container\">\n\t\t\t\t\t\t\t\t\t<p><strong>Nuestros servicios incluyen:<\/strong><\/p><ul><li><p><b>Restauraci\u00f3n de fotos da\u00f1adas:<\/b> Desde fotos familiares antiguas hasta archivos digitales defectuosos.<\/p><\/li><li><p><b>Correcci\u00f3n de la exposici\u00f3n y el equilibrio de color:<\/b> Garantizar el ambiente perfecto para su foto.<\/p><\/li><li><p><b>Retoque de imperfecciones:<\/b> Eliminaci\u00f3n manual de objetos que distraen y correcci\u00f3n de defectos.<\/p><\/li><\/ul><p>Vemos la IA como un punto de partida \u00fatil, pero la verdadera perfecci\u00f3n proviene de la artesan\u00eda que a\u00f1adimos. Nos aseguramos de que su foto no sea solo una imagen editada, sino una aut\u00e9ntica obra de arte que preserve su emoci\u00f3n y belleza originales.<\/p><p>En esencia, la edici\u00f3n de fotos con IA es una herramienta poderosa para acelerar el flujo de trabajo y manejar tareas repetitivas. Permite a los editores humanos centrarse en los aspectos creativos y art\u00edsticos de su trabajo. La tecnolog\u00eda es un asistente, no un reemplazo. El editor humano sigue siendo el director, con el control art\u00edstico final y la comprensi\u00f3n de la historia que cuenta cada foto.<\/p>\t\t\t\t\t\t\t\t<\/div>\n\t\t\t\t<\/div>\n\t\t\t\t\t<\/div>\n\t\t<\/div>\n\t\t\t\t<div class=\"elementor-column elementor-col-50 elementor-inner-column elementor-element elementor-element-2177a11\" data-id=\"2177a11\" data-element_type=\"column\">\n\t\t\t<div class=\"elementor-widget-wrap elementor-element-populated\">\n\t\t\t\t\t\t<div class=\"elementor-element elementor-element-5394f76 elementor-widget elementor-widget-image\" data-id=\"5394f76\" data-element_type=\"widget\" data-widget_type=\"image.default\">\n\t\t\t\t<div class=\"elementor-widget-container\">\n\t\t\t\t\t\t\t\t\t\t\t\t\t\t\t<img decoding=\"async\" width=\"1000\" height=\"700\" src=\"https:\/\/olddamagedphotorepair.com\/wp-content\/uploads\/2021\/01\/rotsen.jpg\" class=\"attachment-large size-large wp-image-3060\" alt=\"\" srcset=\"https:\/\/olddamagedphotorepair.com\/wp-content\/uploads\/2021\/01\/rotsen.jpg 1000w, https:\/\/olddamagedphotorepair.com\/wp-content\/uploads\/2021\/01\/rotsen-300x210.jpg 300w, https:\/\/olddamagedphotorepair.com\/wp-content\/uploads\/2021\/01\/rotsen-768x538.jpg 768w\" sizes=\"(max-width: 1000px) 100vw, 1000px\" \/>\t\t\t\t\t\t\t\t\t\t\t\t\t\t\t<\/div>\n\t\t\t\t<\/div>\n\t\t\t\t\t<\/div>\n\t\t<\/div>\n\t\t\t\t\t<\/div>\n\t\t<\/section>\n\t\t\t\t<div class=\"elementor-element elementor-element-5947363 elementor-align-center elementor-widget elementor-widget-button\" data-id=\"5947363\" data-element_type=\"widget\" data-widget_type=\"button.default\">\n\t\t\t\t<div class=\"elementor-widget-container\">\n\t\t\t\t\t\t\t\t\t<div class=\"elementor-button-wrapper\">\n\t\t\t\t\t<a class=\"elementor-button elementor-button-link elementor-size-sm\" href=\"https:\/\/olddamagedphotorepair.com\/contact\/\">\n\t\t\t\t\t\t<span class=\"elementor-button-content-wrapper\">\n\t\t\t\t\t\t\t\t\t<span class=\"elementor-button-text\">\u00bfTiene curiosidad y alguna pregunta? P\u00f3ngase en contacto con nosotros ahora.<\/span>\n\t\t\t\t\t<\/span>\n\t\t\t\t\t<\/a>\n\t\t\t\t<\/div>\n\t\t\t\t\t\t\t\t<\/div>\n\t\t\t\t<\/div>\n\t\t\t\t\t<\/div>\n\t\t<\/div>\n\t\t\t\t\t<\/div>\n\t\t<\/section>\n\t\t\t\t<\/div>\n\t\t","protected":false},"excerpt":{"rendered":"<p>IA y edici\u00f3n de fotos: \u00bfMagia o la ilusi\u00f3n de la perfecci\u00f3n? El t\u00e9rmino &#8216;IA&#8217; a menudo suena a magia. Con solo unos pocos clics, podemos transformar fotos: un cielo nublado se convierte en un azul vibrante, los rostros se suavizan y las imperfecciones desaparecen. Pero, \u00bfes esta \u00abperfecci\u00f3n\u00bb siempre el mejor enfoque? \u00bfY es [&hellip;]<\/p>\n","protected":false},"author":1,"featured_media":0,"parent":0,"menu_order":0,"comment_status":"closed","ping_status":"closed","template":"elementor_header_footer","meta":{"_acf_changed":false,"footnotes":""},"class_list":["post-2012","page","type-page","status-publish","hentry"],"acf":[],"_links":{"self":[{"href":"https:\/\/olddamagedphotorepair.com\/es\/wp-json\/wp\/v2\/pages\/2012","targetHints":{"allow":["GET"]}}],"collection":[{"href":"https:\/\/olddamagedphotorepair.com\/es\/wp-json\/wp\/v2\/pages"}],"about":[{"href":"https:\/\/olddamagedphotorepair.com\/es\/wp-json\/wp\/v2\/types\/page"}],"author":[{"embeddable":true,"href":"https:\/\/olddamagedphotorepair.com\/es\/wp-json\/wp\/v2\/users\/1"}],"replies":[{"embeddable":true,"href":"https:\/\/olddamagedphotorepair.com\/es\/wp-json\/wp\/v2\/comments?post=2012"}],"version-history":[{"count":0,"href":"https:\/\/olddamagedphotorepair.com\/es\/wp-json\/wp\/v2\/pages\/2012\/revisions"}],"wp:attachment":[{"href":"https:\/\/olddamagedphotorepair.com\/es\/wp-json\/wp\/v2\/media?parent=2012"}],"curies":[{"name":"wp","href":"https:\/\/api.w.org\/{rel}","templated":true}]}}