{"id":2786,"date":"2021-02-02T11:19:54","date_gmt":"2021-02-02T10:19:54","guid":{"rendered":"https:\/\/olddamagedphotorepair.com\/impresiones-fotograficas\/nuestro-metodo-de-trabajo-de-restauracion-de-fotos\/"},"modified":"2025-09-15T10:45:58","modified_gmt":"2025-09-15T08:45:58","slug":"nuestro-metodo-de-trabajo-de-restauracion-de-fotos","status":"publish","type":"page","link":"https:\/\/olddamagedphotorepair.com\/es\/impresiones-fotograficas\/nuestro-metodo-de-trabajo-de-restauracion-de-fotos\/","title":{"rendered":"Nuestro m\u00e9todo de trabajo de restauraci\u00f3n de fotos"},"content":{"rendered":"\t\t<div data-elementor-type=\"wp-page\" data-elementor-id=\"2786\" class=\"elementor elementor-2786 elementor-848\">\n\t\t\t\t\t\t<section class=\"elementor-section elementor-top-section elementor-element elementor-element-1d25368d elementor-section-full_width elementor-section-height-min-height elementor-hidden-phone elementor-section-stretched elementor-section-height-default elementor-section-items-middle\" data-id=\"1d25368d\" data-element_type=\"section\" data-settings=\"{&quot;background_background&quot;:&quot;classic&quot;,&quot;stretch_section&quot;:&quot;section-stretched&quot;}\">\n\t\t\t\t\t\t<div class=\"elementor-container elementor-column-gap-no\">\n\t\t\t\t\t<div class=\"elementor-column elementor-col-100 elementor-top-column elementor-element elementor-element-4e0957b3\" data-id=\"4e0957b3\" data-element_type=\"column\">\n\t\t\t<div class=\"elementor-widget-wrap\">\n\t\t\t\t\t\t\t<\/div>\n\t\t<\/div>\n\t\t\t\t\t<\/div>\n\t\t<\/section>\n\t\t\t\t<section class=\"elementor-section elementor-top-section elementor-element elementor-element-f40c870 elementor-section-full_width elementor-section-height-min-height elementor-section-stretched elementor-hidden-desktop elementor-hidden-tablet elementor-section-height-default elementor-section-items-middle\" data-id=\"f40c870\" data-element_type=\"section\" data-settings=\"{&quot;background_background&quot;:&quot;classic&quot;,&quot;stretch_section&quot;:&quot;section-stretched&quot;}\">\n\t\t\t\t\t\t<div class=\"elementor-container elementor-column-gap-no\">\n\t\t\t\t\t<div class=\"elementor-column elementor-col-100 elementor-top-column elementor-element elementor-element-5e13494\" data-id=\"5e13494\" data-element_type=\"column\">\n\t\t\t<div class=\"elementor-widget-wrap\">\n\t\t\t\t\t\t\t<\/div>\n\t\t<\/div>\n\t\t\t\t\t<\/div>\n\t\t<\/section>\n\t\t\t\t<section class=\"elementor-section elementor-top-section elementor-element elementor-element-5e38da6 elementor-section-stretched elementor-section-boxed elementor-section-height-default elementor-section-height-default\" data-id=\"5e38da6\" data-element_type=\"section\" data-settings=\"{&quot;background_background&quot;:&quot;classic&quot;,&quot;stretch_section&quot;:&quot;section-stretched&quot;}\">\n\t\t\t\t\t\t<div class=\"elementor-container elementor-column-gap-default\">\n\t\t\t\t\t<div class=\"elementor-column elementor-col-100 elementor-top-column elementor-element elementor-element-7220d72e\" data-id=\"7220d72e\" data-element_type=\"column\">\n\t\t\t<div class=\"elementor-widget-wrap elementor-element-populated\">\n\t\t\t\t\t\t<div class=\"elementor-element elementor-element-3de98bce elementor-widget elementor-widget-image\" data-id=\"3de98bce\" data-element_type=\"widget\" data-widget_type=\"image.default\">\n\t\t\t\t<div class=\"elementor-widget-container\">\n\t\t\t\t\t\t\t\t\t\t\t\t\t\t\t<img fetchpriority=\"high\" decoding=\"async\" width=\"283\" height=\"210\" src=\"https:\/\/olddamagedphotorepair.com\/wp-content\/uploads\/2021\/02\/negatief.png\" class=\"attachment-full size-full wp-image-2794\" alt=\"\" \/>\t\t\t\t\t\t\t\t\t\t\t\t\t\t\t<\/div>\n\t\t\t\t<\/div>\n\t\t\t\t<div class=\"elementor-element elementor-element-5741be4 elementor-widget elementor-widget-heading\" data-id=\"5741be4\" data-element_type=\"widget\" data-widget_type=\"heading.default\">\n\t\t\t\t<div class=\"elementor-widget-container\">\n\t\t\t\t\t<h2 class=\"elementor-heading-title elementor-size-default\">M\u00c9TODO DE TRABAJO<\/h2>\t\t\t\t<\/div>\n\t\t\t\t<\/div>\n\t\t\t\t<section class=\"elementor-section elementor-inner-section elementor-element elementor-element-3d7cc011 elementor-section-boxed elementor-section-height-default elementor-section-height-default\" data-id=\"3d7cc011\" data-element_type=\"section\">\n\t\t\t\t\t\t<div class=\"elementor-container elementor-column-gap-default\">\n\t\t\t\t\t<div class=\"elementor-column elementor-col-100 elementor-inner-column elementor-element elementor-element-6ad46226\" data-id=\"6ad46226\" data-element_type=\"column\">\n\t\t\t<div class=\"elementor-widget-wrap elementor-element-populated\">\n\t\t\t\t\t\t<div class=\"elementor-element elementor-element-18ae9901 elementor-widget elementor-widget-heading\" data-id=\"18ae9901\" data-element_type=\"widget\" data-widget_type=\"heading.default\">\n\t\t\t\t<div class=\"elementor-widget-container\">\n\t\t\t\t\t<h2 class=\"elementor-heading-title elementor-size-default\">SU RECUERDO M\u00c1S PRECIADO RESTAURADO PROFESIONALMENTE<\/h2>\t\t\t\t<\/div>\n\t\t\t\t<\/div>\n\t\t\t\t<div class=\"elementor-element elementor-element-7b5f5475 elementor-widget elementor-widget-text-editor\" data-id=\"7b5f5475\" data-element_type=\"widget\" data-widget_type=\"text-editor.default\">\n\t\t\t\t<div class=\"elementor-widget-container\">\n\t\t\t\t\t\t\t\t\t<p class=\"p1\"><span class=\"s1\">Los costes de restaurar una foto antigua dependen del alcance del da\u00f1o y del tipo de papel fotogr\u00e1fico. El estado y el tama\u00f1o de la foto tambi\u00e9n influyen. Una restauraci\u00f3n puede ser simple o muy compleja, por lo que los precios var\u00edan por foto. Su foto ser\u00e1 examinada cuidadosamente antes de que reciba un presupuesto sin compromiso. De esta forma, nunca pagar\u00e1 de m\u00e1s.    <\/span><\/p><p class=\"p1\"><span class=\"s1\">Puede enviarnos la foto por correo postal, correo electr\u00f3nico o a trav\u00e9s de WeTransfer, junto con una descripci\u00f3n clara de sus deseos, el n\u00famero deseado de copias e tama\u00f1os, y sus datos de contacto (direcci\u00f3n y n\u00famero de tel\u00e9fono). Si env\u00eda la foto por correo postal, le recomendamos que lo haga en un sobre resistente y por correo certificado. No nos hacemos responsables de la p\u00e9rdida o da\u00f1o durante la entrega postal. Si env\u00eda la foto por correo electr\u00f3nico, h\u00e1galo en el tama\u00f1o m\u00e1s grande posible y como archivo jpg.   <\/span><\/p>\t\t\t\t\t\t\t\t<\/div>\n\t\t\t\t<\/div>\n\t\t\t\t\t<\/div>\n\t\t<\/div>\n\t\t\t\t\t<\/div>\n\t\t<\/section>\n\t\t\t\t\t<\/div>\n\t\t<\/div>\n\t\t\t\t\t<\/div>\n\t\t<\/section>\n\t\t\t\t<\/div>\n\t\t","protected":false},"excerpt":{"rendered":"<p>M\u00c9TODO DE TRABAJO SU RECUERDO M\u00c1S PRECIADO RESTAURADO PROFESIONALMENTE Los costes de restaurar una foto antigua dependen del alcance del da\u00f1o y del tipo de papel fotogr\u00e1fico. El estado y el tama\u00f1o de la foto tambi\u00e9n influyen. Una restauraci\u00f3n puede ser simple o muy compleja, por lo que los precios var\u00edan por foto. Su foto [&hellip;]<\/p>\n","protected":false},"author":1,"featured_media":0,"parent":2706,"menu_order":0,"comment_status":"closed","ping_status":"closed","template":"elementor_header_footer","meta":{"_acf_changed":false,"footnotes":""},"class_list":["post-2786","page","type-page","status-publish","hentry"],"acf":[],"_links":{"self":[{"href":"https:\/\/olddamagedphotorepair.com\/es\/wp-json\/wp\/v2\/pages\/2786","targetHints":{"allow":["GET"]}}],"collection":[{"href":"https:\/\/olddamagedphotorepair.com\/es\/wp-json\/wp\/v2\/pages"}],"about":[{"href":"https:\/\/olddamagedphotorepair.com\/es\/wp-json\/wp\/v2\/types\/page"}],"author":[{"embeddable":true,"href":"https:\/\/olddamagedphotorepair.com\/es\/wp-json\/wp\/v2\/users\/1"}],"replies":[{"embeddable":true,"href":"https:\/\/olddamagedphotorepair.com\/es\/wp-json\/wp\/v2\/comments?post=2786"}],"version-history":[{"count":0,"href":"https:\/\/olddamagedphotorepair.com\/es\/wp-json\/wp\/v2\/pages\/2786\/revisions"}],"up":[{"embeddable":true,"href":"https:\/\/olddamagedphotorepair.com\/es\/wp-json\/wp\/v2\/pages\/2706"}],"wp:attachment":[{"href":"https:\/\/olddamagedphotorepair.com\/es\/wp-json\/wp\/v2\/media?parent=2786"}],"curies":[{"name":"wp","href":"https:\/\/api.w.org\/{rel}","templated":true}]}}