{"id":2081,"date":"2021-01-20T16:34:12","date_gmt":"2021-01-20T15:34:12","guid":{"rendered":"https:\/\/olddamagedphotorepair.com\/tirages-photo\/"},"modified":"2025-09-15T10:42:43","modified_gmt":"2025-09-15T08:42:43","slug":"tirages-photo","status":"publish","type":"page","link":"https:\/\/olddamagedphotorepair.com\/fr\/tirages-photo\/","title":{"rendered":"Tirages photo"},"content":{"rendered":"\t\t<div data-elementor-type=\"wp-page\" data-elementor-id=\"2081\" class=\"elementor elementor-2081 elementor-494\">\n\t\t\t\t\t\t<section class=\"elementor-section elementor-top-section elementor-element elementor-element-47afab97 elementor-section-full_width elementor-section-height-min-height elementor-hidden-phone elementor-section-stretched elementor-section-height-default elementor-section-items-middle\" data-id=\"47afab97\" data-element_type=\"section\" data-settings=\"{&quot;background_background&quot;:&quot;classic&quot;,&quot;stretch_section&quot;:&quot;section-stretched&quot;}\">\n\t\t\t\t\t\t<div class=\"elementor-container elementor-column-gap-no\">\n\t\t\t\t\t<div class=\"elementor-column elementor-col-100 elementor-top-column elementor-element elementor-element-55aa7241\" data-id=\"55aa7241\" data-element_type=\"column\">\n\t\t\t<div class=\"elementor-widget-wrap\">\n\t\t\t\t\t\t\t<\/div>\n\t\t<\/div>\n\t\t\t\t\t<\/div>\n\t\t<\/section>\n\t\t\t\t<section class=\"elementor-section elementor-top-section elementor-element elementor-element-c9e35f2 elementor-section-full_width elementor-section-height-min-height elementor-section-stretched elementor-hidden-desktop elementor-hidden-tablet elementor-section-height-default elementor-section-items-middle\" data-id=\"c9e35f2\" data-element_type=\"section\" data-settings=\"{&quot;background_background&quot;:&quot;classic&quot;,&quot;stretch_section&quot;:&quot;section-stretched&quot;}\">\n\t\t\t\t\t\t<div class=\"elementor-container elementor-column-gap-no\">\n\t\t\t\t\t<div class=\"elementor-column elementor-col-100 elementor-top-column elementor-element elementor-element-0f9ddce\" data-id=\"0f9ddce\" data-element_type=\"column\">\n\t\t\t<div class=\"elementor-widget-wrap\">\n\t\t\t\t\t\t\t<\/div>\n\t\t<\/div>\n\t\t\t\t\t<\/div>\n\t\t<\/section>\n\t\t\t\t<section class=\"elementor-section elementor-top-section elementor-element elementor-element-6cb5e15f elementor-section-stretched elementor-section-height-min-height elementor-section-items-top elementor-section-boxed elementor-section-height-default\" data-id=\"6cb5e15f\" data-element_type=\"section\" data-settings=\"{&quot;background_background&quot;:&quot;classic&quot;,&quot;stretch_section&quot;:&quot;section-stretched&quot;}\">\n\t\t\t\t\t\t<div class=\"elementor-container elementor-column-gap-default\">\n\t\t\t\t\t<div class=\"elementor-column elementor-col-100 elementor-top-column elementor-element elementor-element-7c0a4cc7\" data-id=\"7c0a4cc7\" data-element_type=\"column\">\n\t\t\t<div class=\"elementor-widget-wrap elementor-element-populated\">\n\t\t\t\t\t\t<div class=\"elementor-element elementor-element-3aa0f97e elementor-widget elementor-widget-image\" data-id=\"3aa0f97e\" data-element_type=\"widget\" data-widget_type=\"image.default\">\n\t\t\t\t<div class=\"elementor-widget-container\">\n\t\t\t\t\t\t\t\t\t\t\t\t\t\t\t<img fetchpriority=\"high\" decoding=\"async\" width=\"425\" height=\"210\" src=\"https:\/\/olddamagedphotorepair.com\/wp-content\/uploads\/2021\/02\/fotos.png\" class=\"attachment-full size-full wp-image-2098\" alt=\"\" srcset=\"https:\/\/olddamagedphotorepair.com\/wp-content\/uploads\/2021\/02\/fotos.png 425w, https:\/\/olddamagedphotorepair.com\/wp-content\/uploads\/2021\/02\/fotos-300x148.png 300w\" sizes=\"(max-width: 425px) 100vw, 425px\" \/>\t\t\t\t\t\t\t\t\t\t\t\t\t\t\t<\/div>\n\t\t\t\t<\/div>\n\t\t\t\t<div class=\"elementor-element elementor-element-7187f81d elementor-widget elementor-widget-heading\" data-id=\"7187f81d\" data-element_type=\"widget\" data-widget_type=\"heading.default\">\n\t\t\t\t<div class=\"elementor-widget-container\">\n\t\t\t\t\t<h2 class=\"elementor-heading-title elementor-size-default\">Tirages photo<\/h2>\t\t\t\t<\/div>\n\t\t\t\t<\/div>\n\t\t\t\t\t<\/div>\n\t\t<\/div>\n\t\t\t\t\t<\/div>\n\t\t<\/section>\n\t\t\t\t<section class=\"elementor-section elementor-top-section elementor-element elementor-element-97af830 elementor-section-boxed elementor-section-height-default elementor-section-height-default\" data-id=\"97af830\" data-element_type=\"section\">\n\t\t\t\t\t\t<div class=\"elementor-container elementor-column-gap-default\">\n\t\t\t\t\t<div class=\"elementor-column elementor-col-100 elementor-top-column elementor-element elementor-element-57ba18a\" data-id=\"57ba18a\" data-element_type=\"column\">\n\t\t\t<div class=\"elementor-widget-wrap elementor-element-populated\">\n\t\t\t\t\t\t<div class=\"elementor-element elementor-element-58036d6 elementor-widget elementor-widget-text-editor\" data-id=\"58036d6\" data-element_type=\"widget\" data-widget_type=\"text-editor.default\">\n\t\t\t\t<div class=\"elementor-widget-container\">\n\t\t\t\t\t\t\t\t\t<p>Donnez vie \u00e0 vos pr\u00e9cieuses <a href=\"https:\/\/olddamagedphotorepair.com\/restoring-old-photos\/\">photos restaur\u00e9es<\/a> avec nos services d&rsquo;impression de haute qualit\u00e9. Nous proposons une vari\u00e9t\u00e9 de <b>mat\u00e9riaux premium<\/b> pour garantir que vos souvenirs soient magnifiquement pr\u00e9serv\u00e9s et expos\u00e9s. Qu&rsquo;il s&rsquo;agisse d&rsquo;un portrait de famille nostalgique ou d&rsquo;un paysage ch\u00e9ri, vous trouverez l&rsquo;option parfaite pour votre photo unique.  <\/p><p><span style=\"color: inherit; font-family: inherit; font-size: 1.75rem;\">Nos produits de tirage photo les plus populaires<\/span><\/p><div> <\/div><p><b>Tapisserie murale :<\/b> Transformez votre photo restaur\u00e9e en une pi\u00e8ce de <b>d\u00e9coration murale unique<\/b> \u00e9poustouflante. Une tapisserie photo murale ajoute une touche chaleureuse et artistique \u00e0 n&rsquo;importe quelle pi\u00e8ce. C&rsquo;est un moyen fantastique de pr\u00e9senter votre photo sp\u00e9ciale \u00e0 grande \u00e9chelle.  <\/p><p><span style=\"font-size: 1rem;\">Nous proposons \u00e9galement de nombreux autres produits d&rsquo;impression pour s&rsquo;adapter \u00e0 votre style et votre budget. Vous pouvez choisir parmi des options telles que : <\/span><\/p><p><b>Impressions sur toile classiques<\/b> pour une sensation intemporelle et digne d&rsquo;une galerie.<\/p><p><b>Impressions acryliques modernes<\/b> qui donnent \u00e0 vos photos une finition vibrante et brillante.<\/p><p><b>Impressions m\u00e9talliques \u00e9l\u00e9gantes<\/b> pour un affichage contemporain et durable.<\/p><p><span style=\"font-size: 1rem;\">Chaque mat\u00e9riau est choisi pour sa qualit\u00e9 exceptionnelle, garantissant que votre photo restaur\u00e9e soit \u00e0 son meilleur absolu. <\/span><span style=\"font-size: 1rem;\">Pour plus d&rsquo;informations sur toutes nos options d&rsquo;impression et pour trouver la correspondance parfaite pour votre photo, veuillez <\/span><a href=\"https:\/\/olddamagedphotorepair.com\/contact\/\">nous contacter d\u00e8s aujourd&rsquo;hui<\/a><span style=\"font-size: 1rem;\">. Nous sommes l\u00e0 pour vous aider \u00e0 transformer vos <a href=\"https:\/\/olddamagedphotorepair.com\/photo-editing\/\">souvenirs<\/a> en art magnifique et durable.<\/span><\/p>\t\t\t\t\t\t\t\t<\/div>\n\t\t\t\t<\/div>\n\t\t\t\t\t<\/div>\n\t\t<\/div>\n\t\t\t\t\t<\/div>\n\t\t<\/section>\n\t\t\t\t<section class=\"elementor-section elementor-top-section elementor-element elementor-element-839e347 elementor-section-stretched elementor-section-height-min-height elementor-section-content-middle elementor-section-boxed elementor-section-height-default elementor-section-items-middle\" data-id=\"839e347\" data-element_type=\"section\" data-settings=\"{&quot;stretch_section&quot;:&quot;section-stretched&quot;}\">\n\t\t\t\t\t\t<div class=\"elementor-container elementor-column-gap-default\">\n\t\t\t\t\t<div class=\"elementor-column elementor-col-33 elementor-top-column elementor-element elementor-element-70aecc4\" data-id=\"70aecc4\" data-element_type=\"column\">\n\t\t\t<div class=\"elementor-widget-wrap elementor-element-populated\">\n\t\t\t\t\t\t<div class=\"elementor-element elementor-element-8a79b03 elementor-widget elementor-widget-image\" data-id=\"8a79b03\" data-element_type=\"widget\" data-widget_type=\"image.default\">\n\t\t\t\t<div class=\"elementor-widget-container\">\n\t\t\t\t\t\t\t\t\t\t\t\t\t\t\t<img decoding=\"async\" width=\"1000\" height=\"1000\" src=\"https:\/\/olddamagedphotorepair.com\/wp-content\/uploads\/2021\/01\/1afdrukken.jpg\" class=\"attachment-large size-large wp-image-2084\" alt=\"\" srcset=\"https:\/\/olddamagedphotorepair.com\/wp-content\/uploads\/2021\/01\/1afdrukken.jpg 1000w, https:\/\/olddamagedphotorepair.com\/wp-content\/uploads\/2021\/01\/1afdrukken-300x300.jpg 300w, https:\/\/olddamagedphotorepair.com\/wp-content\/uploads\/2021\/01\/1afdrukken-150x150.jpg 150w, https:\/\/olddamagedphotorepair.com\/wp-content\/uploads\/2021\/01\/1afdrukken-768x768.jpg 768w, https:\/\/olddamagedphotorepair.com\/wp-content\/uploads\/2021\/01\/1afdrukken-500x500.jpg 500w\" sizes=\"(max-width: 1000px) 100vw, 1000px\" \/>\t\t\t\t\t\t\t\t\t\t\t\t\t\t\t<\/div>\n\t\t\t\t<\/div>\n\t\t\t\t<div class=\"elementor-element elementor-element-cb6f5a1 elementor-widget elementor-widget-heading\" data-id=\"cb6f5a1\" data-element_type=\"widget\" data-widget_type=\"heading.default\">\n\t\t\t\t<div class=\"elementor-widget-container\">\n\t\t\t\t\t<h2 class=\"elementor-heading-title elementor-size-default\">\nImpression photo<\/h2>\t\t\t\t<\/div>\n\t\t\t\t<\/div>\n\t\t\t\t\t<\/div>\n\t\t<\/div>\n\t\t\t\t<div class=\"elementor-column elementor-col-33 elementor-top-column elementor-element elementor-element-540e15e\" data-id=\"540e15e\" data-element_type=\"column\">\n\t\t\t<div class=\"elementor-widget-wrap elementor-element-populated\">\n\t\t\t\t\t\t<div class=\"elementor-element elementor-element-4958a8d elementor-widget elementor-widget-image\" data-id=\"4958a8d\" data-element_type=\"widget\" data-widget_type=\"image.default\">\n\t\t\t\t<div class=\"elementor-widget-container\">\n\t\t\t\t\t\t\t\t\t\t\t\t\t\t\t<img decoding=\"async\" width=\"1000\" height=\"1000\" src=\"https:\/\/olddamagedphotorepair.com\/wp-content\/uploads\/2021\/01\/2poster.jpg\" class=\"attachment-large size-large wp-image-2085\" alt=\"\" srcset=\"https:\/\/olddamagedphotorepair.com\/wp-content\/uploads\/2021\/01\/2poster.jpg 1000w, https:\/\/olddamagedphotorepair.com\/wp-content\/uploads\/2021\/01\/2poster-300x300.jpg 300w, https:\/\/olddamagedphotorepair.com\/wp-content\/uploads\/2021\/01\/2poster-150x150.jpg 150w, https:\/\/olddamagedphotorepair.com\/wp-content\/uploads\/2021\/01\/2poster-768x768.jpg 768w, https:\/\/olddamagedphotorepair.com\/wp-content\/uploads\/2021\/01\/2poster-500x500.jpg 500w\" sizes=\"(max-width: 1000px) 100vw, 1000px\" \/>\t\t\t\t\t\t\t\t\t\t\t\t\t\t\t<\/div>\n\t\t\t\t<\/div>\n\t\t\t\t<div class=\"elementor-element elementor-element-526a4c8 elementor-widget elementor-widget-heading\" data-id=\"526a4c8\" data-element_type=\"widget\" data-widget_type=\"heading.default\">\n\t\t\t\t<div class=\"elementor-widget-container\">\n\t\t\t\t\t<h2 class=\"elementor-heading-title elementor-size-default\">\nPoster photo<\/h2>\t\t\t\t<\/div>\n\t\t\t\t<\/div>\n\t\t\t\t\t<\/div>\n\t\t<\/div>\n\t\t\t\t<div class=\"elementor-column elementor-col-33 elementor-top-column elementor-element elementor-element-bfc0814\" data-id=\"bfc0814\" data-element_type=\"column\">\n\t\t\t<div class=\"elementor-widget-wrap elementor-element-populated\">\n\t\t\t\t\t\t<div class=\"elementor-element elementor-element-865f573 elementor-widget elementor-widget-image\" data-id=\"865f573\" data-element_type=\"widget\" data-widget_type=\"image.default\">\n\t\t\t\t<div class=\"elementor-widget-container\">\n\t\t\t\t\t\t\t\t\t\t\t\t\t\t\t<img loading=\"lazy\" decoding=\"async\" width=\"1000\" height=\"1000\" src=\"https:\/\/olddamagedphotorepair.com\/wp-content\/uploads\/2021\/01\/3canvas.jpg\" class=\"attachment-large size-large wp-image-2086\" alt=\"\" srcset=\"https:\/\/olddamagedphotorepair.com\/wp-content\/uploads\/2021\/01\/3canvas.jpg 1000w, https:\/\/olddamagedphotorepair.com\/wp-content\/uploads\/2021\/01\/3canvas-300x300.jpg 300w, https:\/\/olddamagedphotorepair.com\/wp-content\/uploads\/2021\/01\/3canvas-150x150.jpg 150w, https:\/\/olddamagedphotorepair.com\/wp-content\/uploads\/2021\/01\/3canvas-768x768.jpg 768w, https:\/\/olddamagedphotorepair.com\/wp-content\/uploads\/2021\/01\/3canvas-500x500.jpg 500w\" sizes=\"(max-width: 1000px) 100vw, 1000px\" \/>\t\t\t\t\t\t\t\t\t\t\t\t\t\t\t<\/div>\n\t\t\t\t<\/div>\n\t\t\t\t<div class=\"elementor-element elementor-element-e0b9a05 elementor-widget elementor-widget-heading\" data-id=\"e0b9a05\" data-element_type=\"widget\" data-widget_type=\"heading.default\">\n\t\t\t\t<div class=\"elementor-widget-container\">\n\t\t\t\t\t<h2 class=\"elementor-heading-title elementor-size-default\">Photo sur toile<\/h2>\t\t\t\t<\/div>\n\t\t\t\t<\/div>\n\t\t\t\t\t<\/div>\n\t\t<\/div>\n\t\t\t\t\t<\/div>\n\t\t<\/section>\n\t\t\t\t<section class=\"elementor-section elementor-top-section elementor-element elementor-element-0da89b7 elementor-section-stretched elementor-section-height-min-height elementor-section-content-middle elementor-section-boxed elementor-section-height-default elementor-section-items-middle\" data-id=\"0da89b7\" data-element_type=\"section\" data-settings=\"{&quot;stretch_section&quot;:&quot;section-stretched&quot;}\">\n\t\t\t\t\t\t<div class=\"elementor-container elementor-column-gap-default\">\n\t\t\t\t\t<div class=\"elementor-column elementor-col-33 elementor-top-column elementor-element elementor-element-b5dff62\" data-id=\"b5dff62\" data-element_type=\"column\">\n\t\t\t<div class=\"elementor-widget-wrap elementor-element-populated\">\n\t\t\t\t\t\t<div class=\"elementor-element elementor-element-fb63484 elementor-widget elementor-widget-image\" data-id=\"fb63484\" data-element_type=\"widget\" data-widget_type=\"image.default\">\n\t\t\t\t<div class=\"elementor-widget-container\">\n\t\t\t\t\t\t\t\t\t\t\t\t\t\t\t<img loading=\"lazy\" decoding=\"async\" width=\"1000\" height=\"1000\" src=\"https:\/\/olddamagedphotorepair.com\/wp-content\/uploads\/2021\/01\/4wandkleed.jpg\" class=\"attachment-large size-large wp-image-2088\" alt=\"\" srcset=\"https:\/\/olddamagedphotorepair.com\/wp-content\/uploads\/2021\/01\/4wandkleed.jpg 1000w, https:\/\/olddamagedphotorepair.com\/wp-content\/uploads\/2021\/01\/4wandkleed-300x300.jpg 300w, https:\/\/olddamagedphotorepair.com\/wp-content\/uploads\/2021\/01\/4wandkleed-150x150.jpg 150w, https:\/\/olddamagedphotorepair.com\/wp-content\/uploads\/2021\/01\/4wandkleed-768x768.jpg 768w, https:\/\/olddamagedphotorepair.com\/wp-content\/uploads\/2021\/01\/4wandkleed-500x500.jpg 500w\" sizes=\"(max-width: 1000px) 100vw, 1000px\" \/>\t\t\t\t\t\t\t\t\t\t\t\t\t\t\t<\/div>\n\t\t\t\t<\/div>\n\t\t\t\t<div class=\"elementor-element elementor-element-37da4f5 elementor-widget elementor-widget-heading\" data-id=\"37da4f5\" data-element_type=\"widget\" data-widget_type=\"heading.default\">\n\t\t\t\t<div class=\"elementor-widget-container\">\n\t\t\t\t\t<h2 class=\"elementor-heading-title elementor-size-default\">Tapisserie photo<\/h2>\t\t\t\t<\/div>\n\t\t\t\t<\/div>\n\t\t\t\t\t<\/div>\n\t\t<\/div>\n\t\t\t\t<div class=\"elementor-column elementor-col-33 elementor-top-column elementor-element elementor-element-a1fe930\" data-id=\"a1fe930\" data-element_type=\"column\">\n\t\t\t<div class=\"elementor-widget-wrap elementor-element-populated\">\n\t\t\t\t\t\t<div class=\"elementor-element elementor-element-776e4f4 elementor-widget elementor-widget-image\" data-id=\"776e4f4\" data-element_type=\"widget\" data-widget_type=\"image.default\">\n\t\t\t\t<div class=\"elementor-widget-container\">\n\t\t\t\t\t\t\t\t\t\t\t\t\t\t\t<img loading=\"lazy\" decoding=\"async\" width=\"1000\" height=\"1000\" src=\"https:\/\/olddamagedphotorepair.com\/wp-content\/uploads\/2021\/01\/5spandoek.jpg\" class=\"attachment-large size-large wp-image-2090\" alt=\"\" srcset=\"https:\/\/olddamagedphotorepair.com\/wp-content\/uploads\/2021\/01\/5spandoek.jpg 1000w, https:\/\/olddamagedphotorepair.com\/wp-content\/uploads\/2021\/01\/5spandoek-300x300.jpg 300w, https:\/\/olddamagedphotorepair.com\/wp-content\/uploads\/2021\/01\/5spandoek-150x150.jpg 150w, https:\/\/olddamagedphotorepair.com\/wp-content\/uploads\/2021\/01\/5spandoek-768x768.jpg 768w, https:\/\/olddamagedphotorepair.com\/wp-content\/uploads\/2021\/01\/5spandoek-500x500.jpg 500w\" sizes=\"(max-width: 1000px) 100vw, 1000px\" \/>\t\t\t\t\t\t\t\t\t\t\t\t\t\t\t<\/div>\n\t\t\t\t<\/div>\n\t\t\t\t<div class=\"elementor-element elementor-element-5dc043c elementor-widget elementor-widget-heading\" data-id=\"5dc043c\" data-element_type=\"widget\" data-widget_type=\"heading.default\">\n\t\t\t\t<div class=\"elementor-widget-container\">\n\t\t\t\t\t<h2 class=\"elementor-heading-title elementor-size-default\">Photo sur b\u00e2che de jardin<\/h2>\t\t\t\t<\/div>\n\t\t\t\t<\/div>\n\t\t\t\t\t<\/div>\n\t\t<\/div>\n\t\t\t\t<div class=\"elementor-column elementor-col-33 elementor-top-column elementor-element elementor-element-869cc9a\" data-id=\"869cc9a\" data-element_type=\"column\">\n\t\t\t<div class=\"elementor-widget-wrap elementor-element-populated\">\n\t\t\t\t\t\t<div class=\"elementor-element elementor-element-3198994 elementor-widget elementor-widget-image\" data-id=\"3198994\" data-element_type=\"widget\" data-widget_type=\"image.default\">\n\t\t\t\t<div class=\"elementor-widget-container\">\n\t\t\t\t\t\t\t\t\t\t\t\t\t\t\t<img loading=\"lazy\" decoding=\"async\" width=\"1000\" height=\"1000\" src=\"https:\/\/olddamagedphotorepair.com\/wp-content\/uploads\/2021\/01\/6behang.jpg\" class=\"attachment-large size-large wp-image-2092\" alt=\"\" srcset=\"https:\/\/olddamagedphotorepair.com\/wp-content\/uploads\/2021\/01\/6behang.jpg 1000w, https:\/\/olddamagedphotorepair.com\/wp-content\/uploads\/2021\/01\/6behang-300x300.jpg 300w, https:\/\/olddamagedphotorepair.com\/wp-content\/uploads\/2021\/01\/6behang-150x150.jpg 150w, https:\/\/olddamagedphotorepair.com\/wp-content\/uploads\/2021\/01\/6behang-768x768.jpg 768w, https:\/\/olddamagedphotorepair.com\/wp-content\/uploads\/2021\/01\/6behang-500x500.jpg 500w\" sizes=\"(max-width: 1000px) 100vw, 1000px\" \/>\t\t\t\t\t\t\t\t\t\t\t\t\t\t\t<\/div>\n\t\t\t\t<\/div>\n\t\t\t\t<div class=\"elementor-element elementor-element-5513e8b elementor-widget elementor-widget-heading\" data-id=\"5513e8b\" data-element_type=\"widget\" data-widget_type=\"heading.default\">\n\t\t\t\t<div class=\"elementor-widget-container\">\n\t\t\t\t\t<h2 class=\"elementor-heading-title elementor-size-default\">Papier peint photo<\/h2>\t\t\t\t<\/div>\n\t\t\t\t<\/div>\n\t\t\t\t\t<\/div>\n\t\t<\/div>\n\t\t\t\t\t<\/div>\n\t\t<\/section>\n\t\t\t\t<section class=\"elementor-section elementor-top-section elementor-element elementor-element-89dbc49 elementor-section-stretched elementor-section-height-min-height elementor-section-content-middle elementor-section-boxed elementor-section-height-default elementor-section-items-middle\" data-id=\"89dbc49\" data-element_type=\"section\" data-settings=\"{&quot;stretch_section&quot;:&quot;section-stretched&quot;}\">\n\t\t\t\t\t\t<div class=\"elementor-container elementor-column-gap-default\">\n\t\t\t\t\t<div class=\"elementor-column elementor-col-33 elementor-top-column elementor-element elementor-element-fd550e6\" data-id=\"fd550e6\" data-element_type=\"column\">\n\t\t\t<div class=\"elementor-widget-wrap elementor-element-populated\">\n\t\t\t\t\t\t<div class=\"elementor-element elementor-element-be7d8be elementor-widget elementor-widget-image\" data-id=\"be7d8be\" data-element_type=\"widget\" data-widget_type=\"image.default\">\n\t\t\t\t<div class=\"elementor-widget-container\">\n\t\t\t\t\t\t\t\t\t\t\t\t\t\t\t<img loading=\"lazy\" decoding=\"async\" width=\"1000\" height=\"1000\" src=\"https:\/\/olddamagedphotorepair.com\/wp-content\/uploads\/2021\/02\/7dibond-.jpg\" class=\"attachment-large size-large wp-image-2094\" alt=\"\" srcset=\"https:\/\/olddamagedphotorepair.com\/wp-content\/uploads\/2021\/02\/7dibond-.jpg 1000w, https:\/\/olddamagedphotorepair.com\/wp-content\/uploads\/2021\/02\/7dibond--300x300.jpg 300w, https:\/\/olddamagedphotorepair.com\/wp-content\/uploads\/2021\/02\/7dibond--150x150.jpg 150w, https:\/\/olddamagedphotorepair.com\/wp-content\/uploads\/2021\/02\/7dibond--768x768.jpg 768w, https:\/\/olddamagedphotorepair.com\/wp-content\/uploads\/2021\/02\/7dibond--500x500.jpg 500w\" sizes=\"(max-width: 1000px) 100vw, 1000px\" \/>\t\t\t\t\t\t\t\t\t\t\t\t\t\t\t<\/div>\n\t\t\t\t<\/div>\n\t\t\t\t<div class=\"elementor-element elementor-element-f716974 elementor-widget elementor-widget-heading\" data-id=\"f716974\" data-element_type=\"widget\" data-widget_type=\"heading.default\">\n\t\t\t\t<div class=\"elementor-widget-container\">\n\t\t\t\t\t<h2 class=\"elementor-heading-title elementor-size-default\">Photo sur dibond<\/h2>\t\t\t\t<\/div>\n\t\t\t\t<\/div>\n\t\t\t\t\t<\/div>\n\t\t<\/div>\n\t\t\t\t<div class=\"elementor-column elementor-col-33 elementor-top-column elementor-element elementor-element-28fc7a0\" data-id=\"28fc7a0\" data-element_type=\"column\">\n\t\t\t<div class=\"elementor-widget-wrap elementor-element-populated\">\n\t\t\t\t\t\t<div class=\"elementor-element elementor-element-de239a7 elementor-widget elementor-widget-image\" data-id=\"de239a7\" data-element_type=\"widget\" data-widget_type=\"image.default\">\n\t\t\t\t<div class=\"elementor-widget-container\">\n\t\t\t\t\t\t\t\t\t\t\t\t\t\t\t<img loading=\"lazy\" decoding=\"async\" width=\"1000\" height=\"1000\" src=\"https:\/\/olddamagedphotorepair.com\/wp-content\/uploads\/2021\/02\/8plexiglas-.jpg\" class=\"attachment-large size-large wp-image-2097\" alt=\"\" srcset=\"https:\/\/olddamagedphotorepair.com\/wp-content\/uploads\/2021\/02\/8plexiglas-.jpg 1000w, https:\/\/olddamagedphotorepair.com\/wp-content\/uploads\/2021\/02\/8plexiglas--300x300.jpg 300w, https:\/\/olddamagedphotorepair.com\/wp-content\/uploads\/2021\/02\/8plexiglas--150x150.jpg 150w, https:\/\/olddamagedphotorepair.com\/wp-content\/uploads\/2021\/02\/8plexiglas--768x768.jpg 768w, https:\/\/olddamagedphotorepair.com\/wp-content\/uploads\/2021\/02\/8plexiglas--500x500.jpg 500w\" sizes=\"(max-width: 1000px) 100vw, 1000px\" \/>\t\t\t\t\t\t\t\t\t\t\t\t\t\t\t<\/div>\n\t\t\t\t<\/div>\n\t\t\t\t<div class=\"elementor-element elementor-element-b102abd elementor-widget elementor-widget-heading\" data-id=\"b102abd\" data-element_type=\"widget\" data-widget_type=\"heading.default\">\n\t\t\t\t<div class=\"elementor-widget-container\">\n\t\t\t\t\t<h2 class=\"elementor-heading-title elementor-size-default\">Photo sur plexiglas<\/h2>\t\t\t\t<\/div>\n\t\t\t\t<\/div>\n\t\t\t\t\t<\/div>\n\t\t<\/div>\n\t\t\t\t<div class=\"elementor-column elementor-col-33 elementor-top-column elementor-element elementor-element-0c781e5\" data-id=\"0c781e5\" data-element_type=\"column\">\n\t\t\t<div class=\"elementor-widget-wrap elementor-element-populated\">\n\t\t\t\t\t\t<div class=\"elementor-element elementor-element-4dc68a6 elementor-widget elementor-widget-image\" data-id=\"4dc68a6\" data-element_type=\"widget\" data-widget_type=\"image.default\">\n\t\t\t\t<div class=\"elementor-widget-container\">\n\t\t\t\t\t\t\t\t\t\t\t\t\t\t\t<img loading=\"lazy\" decoding=\"async\" width=\"1000\" height=\"1000\" src=\"https:\/\/olddamagedphotorepair.com\/wp-content\/uploads\/2021\/02\/9aluminium-.jpg\" class=\"attachment-large size-large wp-image-2096\" alt=\"\" srcset=\"https:\/\/olddamagedphotorepair.com\/wp-content\/uploads\/2021\/02\/9aluminium-.jpg 1000w, https:\/\/olddamagedphotorepair.com\/wp-content\/uploads\/2021\/02\/9aluminium--300x300.jpg 300w, https:\/\/olddamagedphotorepair.com\/wp-content\/uploads\/2021\/02\/9aluminium--150x150.jpg 150w, https:\/\/olddamagedphotorepair.com\/wp-content\/uploads\/2021\/02\/9aluminium--768x768.jpg 768w, https:\/\/olddamagedphotorepair.com\/wp-content\/uploads\/2021\/02\/9aluminium--500x500.jpg 500w\" sizes=\"(max-width: 1000px) 100vw, 1000px\" \/>\t\t\t\t\t\t\t\t\t\t\t\t\t\t\t<\/div>\n\t\t\t\t<\/div>\n\t\t\t\t<div class=\"elementor-element elementor-element-f41eccc elementor-widget elementor-widget-heading\" data-id=\"f41eccc\" data-element_type=\"widget\" data-widget_type=\"heading.default\">\n\t\t\t\t<div class=\"elementor-widget-container\">\n\t\t\t\t\t<h2 class=\"elementor-heading-title elementor-size-default\">Photo sur aluminium<\/h2>\t\t\t\t<\/div>\n\t\t\t\t<\/div>\n\t\t\t\t\t<\/div>\n\t\t<\/div>\n\t\t\t\t\t<\/div>\n\t\t<\/section>\n\t\t\t\t<section class=\"elementor-section elementor-top-section elementor-element elementor-element-2f22844 elementor-section-stretched elementor-hidden-tablet elementor-hidden-phone elementor-section-boxed elementor-section-height-default elementor-section-height-default\" data-id=\"2f22844\" data-element_type=\"section\" data-settings=\"{&quot;background_background&quot;:&quot;classic&quot;,&quot;stretch_section&quot;:&quot;section-stretched&quot;}\">\n\t\t\t\t\t\t<div class=\"elementor-container elementor-column-gap-default\">\n\t\t\t\t\t<div class=\"elementor-column elementor-col-100 elementor-top-column elementor-element elementor-element-18659b6\" data-id=\"18659b6\" data-element_type=\"column\">\n\t\t\t<div class=\"elementor-widget-wrap\">\n\t\t\t\t\t\t\t<\/div>\n\t\t<\/div>\n\t\t\t\t\t<\/div>\n\t\t<\/section>\n\t\t\t\t<\/div>\n\t\t","protected":false},"excerpt":{"rendered":"<p>Tirages photo Donnez vie \u00e0 vos pr\u00e9cieuses photos restaur\u00e9es avec nos services d&rsquo;impression de haute qualit\u00e9. Nous proposons une vari\u00e9t\u00e9 de mat\u00e9riaux premium pour garantir que vos souvenirs soient magnifiquement pr\u00e9serv\u00e9s et expos\u00e9s. Qu&rsquo;il s&rsquo;agisse d&rsquo;un portrait de famille nostalgique ou d&rsquo;un paysage ch\u00e9ri, vous trouverez l&rsquo;option parfaite pour votre photo unique. Nos produits de [&hellip;]<\/p>\n","protected":false},"author":1,"featured_media":0,"parent":0,"menu_order":0,"comment_status":"closed","ping_status":"closed","template":"elementor_header_footer","meta":{"_acf_changed":false,"footnotes":""},"class_list":["post-2081","page","type-page","status-publish","hentry"],"acf":[],"_links":{"self":[{"href":"https:\/\/olddamagedphotorepair.com\/fr\/wp-json\/wp\/v2\/pages\/2081","targetHints":{"allow":["GET"]}}],"collection":[{"href":"https:\/\/olddamagedphotorepair.com\/fr\/wp-json\/wp\/v2\/pages"}],"about":[{"href":"https:\/\/olddamagedphotorepair.com\/fr\/wp-json\/wp\/v2\/types\/page"}],"author":[{"embeddable":true,"href":"https:\/\/olddamagedphotorepair.com\/fr\/wp-json\/wp\/v2\/users\/1"}],"replies":[{"embeddable":true,"href":"https:\/\/olddamagedphotorepair.com\/fr\/wp-json\/wp\/v2\/comments?post=2081"}],"version-history":[{"count":0,"href":"https:\/\/olddamagedphotorepair.com\/fr\/wp-json\/wp\/v2\/pages\/2081\/revisions"}],"wp:attachment":[{"href":"https:\/\/olddamagedphotorepair.com\/fr\/wp-json\/wp\/v2\/media?parent=2081"}],"curies":[{"name":"wp","href":"https:\/\/api.w.org\/{rel}","templated":true}]}}