{"id":2817,"date":"2021-02-02T11:19:54","date_gmt":"2021-02-02T10:19:54","guid":{"rendered":"https:\/\/olddamagedphotorepair.com\/tirages-photo\/notre-methode-de-travail-pour-la-restauration-de-photos\/"},"modified":"2025-09-15T10:46:42","modified_gmt":"2025-09-15T08:46:42","slug":"notre-methode-de-travail-pour-la-restauration-de-photos","status":"publish","type":"page","link":"https:\/\/olddamagedphotorepair.com\/fr\/tirages-photo\/notre-methode-de-travail-pour-la-restauration-de-photos\/","title":{"rendered":"Notre m\u00e9thode de travail pour la restauration de photos"},"content":{"rendered":"\t\t<div data-elementor-type=\"wp-page\" data-elementor-id=\"2817\" class=\"elementor elementor-2817 elementor-848\">\n\t\t\t\t\t\t<section class=\"elementor-section elementor-top-section elementor-element elementor-element-1d25368d elementor-section-full_width elementor-section-height-min-height elementor-hidden-phone elementor-section-stretched elementor-section-height-default elementor-section-items-middle\" data-id=\"1d25368d\" data-element_type=\"section\" data-settings=\"{&quot;background_background&quot;:&quot;classic&quot;,&quot;stretch_section&quot;:&quot;section-stretched&quot;}\">\n\t\t\t\t\t\t<div class=\"elementor-container elementor-column-gap-no\">\n\t\t\t\t\t<div class=\"elementor-column elementor-col-100 elementor-top-column elementor-element elementor-element-4e0957b3\" data-id=\"4e0957b3\" data-element_type=\"column\">\n\t\t\t<div class=\"elementor-widget-wrap\">\n\t\t\t\t\t\t\t<\/div>\n\t\t<\/div>\n\t\t\t\t\t<\/div>\n\t\t<\/section>\n\t\t\t\t<section class=\"elementor-section elementor-top-section elementor-element elementor-element-f40c870 elementor-section-full_width elementor-section-height-min-height elementor-section-stretched elementor-hidden-desktop elementor-hidden-tablet elementor-section-height-default elementor-section-items-middle\" data-id=\"f40c870\" data-element_type=\"section\" data-settings=\"{&quot;background_background&quot;:&quot;classic&quot;,&quot;stretch_section&quot;:&quot;section-stretched&quot;}\">\n\t\t\t\t\t\t<div class=\"elementor-container elementor-column-gap-no\">\n\t\t\t\t\t<div class=\"elementor-column elementor-col-100 elementor-top-column elementor-element elementor-element-5e13494\" data-id=\"5e13494\" data-element_type=\"column\">\n\t\t\t<div class=\"elementor-widget-wrap\">\n\t\t\t\t\t\t\t<\/div>\n\t\t<\/div>\n\t\t\t\t\t<\/div>\n\t\t<\/section>\n\t\t\t\t<section class=\"elementor-section elementor-top-section elementor-element elementor-element-5e38da6 elementor-section-stretched elementor-section-boxed elementor-section-height-default elementor-section-height-default\" data-id=\"5e38da6\" data-element_type=\"section\" data-settings=\"{&quot;background_background&quot;:&quot;classic&quot;,&quot;stretch_section&quot;:&quot;section-stretched&quot;}\">\n\t\t\t\t\t\t<div class=\"elementor-container elementor-column-gap-default\">\n\t\t\t\t\t<div class=\"elementor-column elementor-col-100 elementor-top-column elementor-element elementor-element-7220d72e\" data-id=\"7220d72e\" data-element_type=\"column\">\n\t\t\t<div class=\"elementor-widget-wrap elementor-element-populated\">\n\t\t\t\t\t\t<div class=\"elementor-element elementor-element-3de98bce elementor-widget elementor-widget-image\" data-id=\"3de98bce\" data-element_type=\"widget\" data-widget_type=\"image.default\">\n\t\t\t\t<div class=\"elementor-widget-container\">\n\t\t\t\t\t\t\t\t\t\t\t\t\t\t\t<img fetchpriority=\"high\" decoding=\"async\" width=\"283\" height=\"210\" src=\"https:\/\/olddamagedphotorepair.com\/wp-content\/uploads\/2021\/02\/negatief.png\" class=\"attachment-full size-full wp-image-2819\" alt=\"\" \/>\t\t\t\t\t\t\t\t\t\t\t\t\t\t\t<\/div>\n\t\t\t\t<\/div>\n\t\t\t\t<div class=\"elementor-element elementor-element-5741be4 elementor-widget elementor-widget-heading\" data-id=\"5741be4\" data-element_type=\"widget\" data-widget_type=\"heading.default\">\n\t\t\t\t<div class=\"elementor-widget-container\">\n\t\t\t\t\t<h2 class=\"elementor-heading-title elementor-size-default\">M\u00c9THODE DE TRAVAIL<\/h2>\t\t\t\t<\/div>\n\t\t\t\t<\/div>\n\t\t\t\t<section class=\"elementor-section elementor-inner-section elementor-element elementor-element-3d7cc011 elementor-section-boxed elementor-section-height-default elementor-section-height-default\" data-id=\"3d7cc011\" data-element_type=\"section\">\n\t\t\t\t\t\t<div class=\"elementor-container elementor-column-gap-default\">\n\t\t\t\t\t<div class=\"elementor-column elementor-col-100 elementor-inner-column elementor-element elementor-element-6ad46226\" data-id=\"6ad46226\" data-element_type=\"column\">\n\t\t\t<div class=\"elementor-widget-wrap elementor-element-populated\">\n\t\t\t\t\t\t<div class=\"elementor-element elementor-element-18ae9901 elementor-widget elementor-widget-heading\" data-id=\"18ae9901\" data-element_type=\"widget\" data-widget_type=\"heading.default\">\n\t\t\t\t<div class=\"elementor-widget-container\">\n\t\t\t\t\t<h2 class=\"elementor-heading-title elementor-size-default\">VOTRE SOUVENIR LE PLUS PR\u00c9CIEUX RESTAUR\u00c9 PROFESSIONNELLEMENT<\/h2>\t\t\t\t<\/div>\n\t\t\t\t<\/div>\n\t\t\t\t<div class=\"elementor-element elementor-element-7b5f5475 elementor-widget elementor-widget-text-editor\" data-id=\"7b5f5475\" data-element_type=\"widget\" data-widget_type=\"text-editor.default\">\n\t\t\t\t<div class=\"elementor-widget-container\">\n\t\t\t\t\t\t\t\t\t<p class=\"p1\"><span class=\"s1\">Les co\u00fbts de restauration d&rsquo;une ancienne photo d\u00e9pendent de l&rsquo;\u00e9tendue des dommages et du type de papier photographique. L&rsquo;\u00e9tat et la taille de la photo jouent \u00e9galement un r\u00f4le. Une restauration peut \u00eatre simple ou tr\u00e8s complexe, c&rsquo;est pourquoi les prix varient selon la photo. Votre photo sera d&rsquo;abord soigneusement examin\u00e9e avant que vous ne receviez un devis sans engagement. Ainsi, vous ne payez jamais trop.    <\/span><\/p><p class=\"p1\"><span class=\"s1\">Vous pouvez nous envoyer la photo par courrier, par e-mail ou via WeTransfer, accompagn\u00e9e d&rsquo;une description claire de vos souhaits, du nombre d&rsquo;impressions et des tailles d\u00e9sir\u00e9es, ainsi que de vos coordonn\u00e9es (adresse et num\u00e9ro de t\u00e9l\u00e9phone). Si vous envoyez la photo par courrier, nous recommandons de le faire dans une enveloppe solide et en recommand\u00e9. Nous ne sommes pas responsables de la perte ou des dommages lors de la livraison postale. Si vous envoyez la photo par e-mail, veuillez le faire dans la plus grande taille possible et sous forme de fichier jpg.   <\/span><\/p>\t\t\t\t\t\t\t\t<\/div>\n\t\t\t\t<\/div>\n\t\t\t\t\t<\/div>\n\t\t<\/div>\n\t\t\t\t\t<\/div>\n\t\t<\/section>\n\t\t\t\t\t<\/div>\n\t\t<\/div>\n\t\t\t\t\t<\/div>\n\t\t<\/section>\n\t\t\t\t<\/div>\n\t\t","protected":false},"excerpt":{"rendered":"<p>M\u00c9THODE DE TRAVAIL VOTRE SOUVENIR LE PLUS PR\u00c9CIEUX RESTAUR\u00c9 PROFESSIONNELLEMENT Les co\u00fbts de restauration d&rsquo;une ancienne photo d\u00e9pendent de l&rsquo;\u00e9tendue des dommages et du type de papier photographique. L&rsquo;\u00e9tat et la taille de la photo jouent \u00e9galement un r\u00f4le. Une restauration peut \u00eatre simple ou tr\u00e8s complexe, c&rsquo;est pourquoi les prix varient selon la photo. [&hellip;]<\/p>\n","protected":false},"author":1,"featured_media":0,"parent":2081,"menu_order":0,"comment_status":"closed","ping_status":"closed","template":"elementor_header_footer","meta":{"_acf_changed":false,"footnotes":""},"class_list":["post-2817","page","type-page","status-publish","hentry"],"acf":[],"_links":{"self":[{"href":"https:\/\/olddamagedphotorepair.com\/fr\/wp-json\/wp\/v2\/pages\/2817","targetHints":{"allow":["GET"]}}],"collection":[{"href":"https:\/\/olddamagedphotorepair.com\/fr\/wp-json\/wp\/v2\/pages"}],"about":[{"href":"https:\/\/olddamagedphotorepair.com\/fr\/wp-json\/wp\/v2\/types\/page"}],"author":[{"embeddable":true,"href":"https:\/\/olddamagedphotorepair.com\/fr\/wp-json\/wp\/v2\/users\/1"}],"replies":[{"embeddable":true,"href":"https:\/\/olddamagedphotorepair.com\/fr\/wp-json\/wp\/v2\/comments?post=2817"}],"version-history":[{"count":0,"href":"https:\/\/olddamagedphotorepair.com\/fr\/wp-json\/wp\/v2\/pages\/2817\/revisions"}],"up":[{"embeddable":true,"href":"https:\/\/olddamagedphotorepair.com\/fr\/wp-json\/wp\/v2\/pages\/2081"}],"wp:attachment":[{"href":"https:\/\/olddamagedphotorepair.com\/fr\/wp-json\/wp\/v2\/media?parent=2817"}],"curies":[{"name":"wp","href":"https:\/\/api.w.org\/{rel}","templated":true}]}}