{"id":2853,"date":"2025-08-29T16:14:06","date_gmt":"2025-08-29T14:14:06","guid":{"rendered":"https:\/\/olddamagedphotorepair.com\/reparation-et-recuperation-de-photos-par-ia\/"},"modified":"2025-09-15T10:46:49","modified_gmt":"2025-09-15T08:46:49","slug":"reparation-et-recuperation-de-photos-par-ia","status":"publish","type":"page","link":"https:\/\/olddamagedphotorepair.com\/fr\/reparation-et-recuperation-de-photos-par-ia\/","title":{"rendered":"R\u00e9paration et r\u00e9cup\u00e9ration de photos par IA"},"content":{"rendered":"\t\t<div data-elementor-type=\"wp-page\" data-elementor-id=\"2853\" class=\"elementor elementor-2853 elementor-1900\">\n\t\t\t\t\t\t<section class=\"elementor-section elementor-top-section elementor-element elementor-element-1db7cf31 elementor-section-full_width elementor-section-height-min-height elementor-hidden-phone elementor-section-stretched elementor-section-height-default elementor-section-items-middle\" data-id=\"1db7cf31\" data-element_type=\"section\" data-settings=\"{&quot;background_background&quot;:&quot;classic&quot;,&quot;stretch_section&quot;:&quot;section-stretched&quot;}\">\n\t\t\t\t\t\t<div class=\"elementor-container elementor-column-gap-no\">\n\t\t\t\t\t<div class=\"elementor-column elementor-col-100 elementor-top-column elementor-element elementor-element-7342490a\" data-id=\"7342490a\" data-element_type=\"column\">\n\t\t\t<div class=\"elementor-widget-wrap\">\n\t\t\t\t\t\t\t<\/div>\n\t\t<\/div>\n\t\t\t\t\t<\/div>\n\t\t<\/section>\n\t\t\t\t<section class=\"elementor-section elementor-top-section elementor-element elementor-element-390f5a22 elementor-section-stretched elementor-section-boxed elementor-section-height-default elementor-section-height-default\" data-id=\"390f5a22\" data-element_type=\"section\" data-settings=\"{&quot;background_background&quot;:&quot;classic&quot;,&quot;stretch_section&quot;:&quot;section-stretched&quot;}\">\n\t\t\t\t\t\t<div class=\"elementor-container elementor-column-gap-default\">\n\t\t\t\t\t<div class=\"elementor-column elementor-col-100 elementor-top-column elementor-element elementor-element-2110cbde\" data-id=\"2110cbde\" data-element_type=\"column\">\n\t\t\t<div class=\"elementor-widget-wrap elementor-element-populated\">\n\t\t\t\t\t\t<div class=\"elementor-element elementor-element-2e65f5e4 elementor-widget elementor-widget-heading\" data-id=\"2e65f5e4\" data-element_type=\"widget\" data-widget_type=\"heading.default\">\n\t\t\t\t<div class=\"elementor-widget-container\">\n\t\t\t\t\t<h2 class=\"elementor-heading-title elementor-size-default\">IA et retouche photo : magie ou illusion de la perfection ?<\/h2>\t\t\t\t<\/div>\n\t\t\t\t<\/div>\n\t\t\t\t<div class=\"elementor-element elementor-element-1417b41 elementor-widget elementor-widget-text-editor\" data-id=\"1417b41\" data-element_type=\"widget\" data-widget_type=\"text-editor.default\">\n\t\t\t\t<div class=\"elementor-widget-container\">\n\t\t\t\t\t\t\t\t\t<p>Le terme \u00ab IA \u00bb \u00e9voque souvent la magie. En quelques clics, nous pouvons transformer des photos : un ciel nuageux devient d&rsquo;un bleu \u00e9clatant, les visages sont liss\u00e9s et les imperfections disparaissent. Mais cette \u00ab perfection \u00bb est-elle toujours la meilleure approche ? Et est-elle aussi parfaite qu&rsquo;elle le para\u00eet ?   <\/p><h4>L&rsquo;illusion de l&rsquo;IA : que se passe-t-il mal ?<\/h4><p>La retouche photo par IA est un outil puissant, mais ce n&rsquo;est pas un rem\u00e8de miracle. Il est essentiel de comprendre ses limites. Un probl\u00e8me majeur est que l&rsquo;IA manque de <b>contexte<\/b>. Elle ne conna\u00eet pas l&rsquo;histoire ou l&rsquo;\u00e9motion derri\u00e8re une photo, ce qui peut entra\u00eener des effets non d\u00e9sir\u00e9s. Par exemple, l&rsquo;IA pourrait blanchir les dents \u00e0 un degr\u00e9 qui para\u00eet artificiel ou lisser la peau de mani\u00e8re non naturelle. Dans une photo de paysage, elle pourrait rehausser les couleurs mais aussi effacer les ombres subtiles qui apportent de la profondeur.     <\/p><p>Un autre risque est l&rsquo;<b>uniformit\u00e9<\/b>. Lorsque tout le monde utilise les m\u00eames filtres IA, les photos commencent \u00e0 se ressembler, perdant leur authenticit\u00e9 et leur style unique. C&rsquo;est l\u00e0 que la touche humaine devient essentielle.  <\/p>\t\t\t\t\t\t\t\t<\/div>\n\t\t\t\t<\/div>\n\t\t\t\t<section class=\"elementor-section elementor-inner-section elementor-element elementor-element-7ca6459 elementor-section-boxed elementor-section-height-default elementor-section-height-default\" data-id=\"7ca6459\" data-element_type=\"section\">\n\t\t\t\t\t\t<div class=\"elementor-container elementor-column-gap-default\">\n\t\t\t\t\t<div class=\"elementor-column elementor-col-50 elementor-inner-column elementor-element elementor-element-b28c548\" data-id=\"b28c548\" data-element_type=\"column\">\n\t\t\t<div class=\"elementor-widget-wrap elementor-element-populated\">\n\t\t\t\t\t\t<div class=\"elementor-element elementor-element-4caf31c elementor-widget elementor-widget-text-editor\" data-id=\"4caf31c\" data-element_type=\"widget\" data-widget_type=\"text-editor.default\">\n\t\t\t\t<div class=\"elementor-widget-container\">\n\t\t\t\t\t\t\t\t\t<h4>La touche humaine indispensable<\/h4><p>Bien que les outils IA soient d&rsquo;excellents gains de temps pour les retouches de base comme le recadrage et les ajustements d&rsquo;exposition, une <b>finition humaine<\/b> est vitale pour v\u00e9ritablement sublimer une photo. Un \u0153il humain peut reconna\u00eetre la nuance et la subtilit\u00e9. Un \u00e9diteur professionnel sait quand conserver un peu de grain pour maintenir l&rsquo;atmosph\u00e8re ou adoucir d\u00e9licatement la texture de la peau plut\u00f4t que de la supprimer compl\u00e8tement. Cette touche humaine consiste \u00e0 faire des choix artistiques conscients qui transforment une image trait\u00e9e en \u0153uvre d&rsquo;art et cr\u00e9ent une connexion \u00e9motionnelle avec le spectateur.   <\/p><p>Chez <b>olddamagedphotorepair.com<\/b>, nous consid\u00e9rons l&rsquo;IA comme un partenaire pr\u00e9cieux, mais jamais comme le directeur de votre cr\u00e9ation. Nous croyons que la vraie magie r\u00e9side dans la combinaison de la rapidit\u00e9 de la technologie avec la perspicacit\u00e9 et la pr\u00e9cision de l&rsquo;expertise humaine. Notre service est con\u00e7u pour perfectionner le travail de l&rsquo;IA avec la touche humaine indispensable.  <\/p>\t\t\t\t\t\t\t\t<\/div>\n\t\t\t\t<\/div>\n\t\t\t\t<div class=\"elementor-element elementor-element-c89bbfe elementor-align-center elementor-widget elementor-widget-button\" data-id=\"c89bbfe\" data-element_type=\"widget\" data-widget_type=\"button.default\">\n\t\t\t\t<div class=\"elementor-widget-container\">\n\t\t\t\t\t\t\t\t\t<div class=\"elementor-button-wrapper\">\n\t\t\t\t\t<a class=\"elementor-button elementor-button-link elementor-size-sm\" href=\"https:\/\/olddamagedphotorepair.com\/fr\/?page_id=2805\">\n\t\t\t\t\t\t<span class=\"elementor-button-content-wrapper\">\n\t\t\t\t\t\t\t\t\t<span class=\"elementor-button-text\">Vous \u00eates curieux et avez une question ? Contactez-nous maintenant. <\/span>\n\t\t\t\t\t<\/span>\n\t\t\t\t\t<\/a>\n\t\t\t\t<\/div>\n\t\t\t\t\t\t\t\t<\/div>\n\t\t\t\t<\/div>\n\t\t\t\t\t<\/div>\n\t\t<\/div>\n\t\t\t\t<div class=\"elementor-column elementor-col-50 elementor-inner-column elementor-element elementor-element-b0d5a3b\" data-id=\"b0d5a3b\" data-element_type=\"column\">\n\t\t\t<div class=\"elementor-widget-wrap elementor-element-populated\">\n\t\t\t\t\t\t<div class=\"elementor-element elementor-element-c326854 elementor-widget elementor-widget-image\" data-id=\"c326854\" data-element_type=\"widget\" data-widget_type=\"image.default\">\n\t\t\t\t<div class=\"elementor-widget-container\">\n\t\t\t\t\t\t\t\t\t\t\t\t\t\t\t<img fetchpriority=\"high\" decoding=\"async\" width=\"768\" height=\"1024\" src=\"https:\/\/olddamagedphotorepair.com\/wp-content\/uploads\/2025\/08\/old-woman-her-young-version-768x1024.jpg\" class=\"attachment-large size-large wp-image-2854\" alt=\"\" srcset=\"https:\/\/olddamagedphotorepair.com\/wp-content\/uploads\/2025\/08\/old-woman-her-young-version-768x1024.jpg 768w, https:\/\/olddamagedphotorepair.com\/wp-content\/uploads\/2025\/08\/old-woman-her-young-version-225x300.jpg 225w, https:\/\/olddamagedphotorepair.com\/wp-content\/uploads\/2025\/08\/old-woman-her-young-version-1152x1536.jpg 1152w, https:\/\/olddamagedphotorepair.com\/wp-content\/uploads\/2025\/08\/old-woman-her-young-version-1536x2048.jpg 1536w, https:\/\/olddamagedphotorepair.com\/wp-content\/uploads\/2025\/08\/old-woman-her-young-version-scaled.jpg 1920w\" sizes=\"(max-width: 768px) 100vw, 768px\" \/>\t\t\t\t\t\t\t\t\t\t\t\t\t\t\t<\/div>\n\t\t\t\t<\/div>\n\t\t\t\t\t<\/div>\n\t\t<\/div>\n\t\t\t\t\t<\/div>\n\t\t<\/section>\n\t\t\t\t<section class=\"elementor-section elementor-inner-section elementor-element elementor-element-5aa0c17 elementor-section-boxed elementor-section-height-default elementor-section-height-default\" data-id=\"5aa0c17\" data-element_type=\"section\">\n\t\t\t\t\t\t<div class=\"elementor-container elementor-column-gap-default\">\n\t\t\t\t\t<div class=\"elementor-column elementor-col-50 elementor-inner-column elementor-element elementor-element-9e7e5cb\" data-id=\"9e7e5cb\" data-element_type=\"column\">\n\t\t\t<div class=\"elementor-widget-wrap elementor-element-populated\">\n\t\t\t\t\t\t<div class=\"elementor-element elementor-element-2f05f2a elementor-widget elementor-widget-image\" data-id=\"2f05f2a\" data-element_type=\"widget\" data-widget_type=\"image.default\">\n\t\t\t\t<div class=\"elementor-widget-container\">\n\t\t\t\t\t\t\t\t\t\t\t\t\t\t\t<img decoding=\"async\" src=\"https:\/\/olddamagedphotorepair.com\/wp-content\/uploads\/elementor\/thumbs\/front-view-beautiful-couple-posing-vintage-portrait-1-scaled-raz3fhfdy074385qab7cw7eow3m2aa6rlohiy8d05e.jpg\" title=\"front-view-beautiful-couple-posing-vintage-portrait (1)\" alt=\"front-view-beautiful-couple-posing-vintage-portrait (1)\" loading=\"lazy\" \/>\t\t\t\t\t\t\t\t\t\t\t\t\t\t\t<\/div>\n\t\t\t\t<\/div>\n\t\t\t\t\t<\/div>\n\t\t<\/div>\n\t\t\t\t<div class=\"elementor-column elementor-col-50 elementor-inner-column elementor-element elementor-element-8ecf208\" data-id=\"8ecf208\" data-element_type=\"column\">\n\t\t\t<div class=\"elementor-widget-wrap elementor-element-populated\">\n\t\t\t\t\t\t<div class=\"elementor-element elementor-element-a77a6ec elementor-widget elementor-widget-text-editor\" data-id=\"a77a6ec\" data-element_type=\"widget\" data-widget_type=\"text-editor.default\">\n\t\t\t\t<div class=\"elementor-widget-container\">\n\t\t\t\t\t\t\t\t\t<h4>Pourquoi choisir un professionnel ?<\/h4><p>Vous avez peut-\u00eatre une photo qui a une grande signification \u2014 un portrait pr\u00e9cieux, un instantan\u00e9 de vacances m\u00e9morable ou un paysage magnifique. Vous avez utilis\u00e9 l&rsquo;IA pour poser les bases, mais quelque chose manque encore. Les couleurs pourraient \u00eatre trop dures, les ombres plates, ou une expression para\u00eet non naturelle.  <\/p><p>C&rsquo;est \u00e0 ce moment que nous intervenons. Nos sp\u00e9cialistes chez olddamagedphotobrepair.com combinent des ann\u00e9es d&rsquo;exp\u00e9rience avec des logiciels avanc\u00e9s. Nous \u00e9coutons votre histoire et comprenons les nuances que l&rsquo;IA manque. Nous pouvons restaurer les ombres pour cr\u00e9er de la profondeur, retoucher d\u00e9licatement la peau sans effacer le caract\u00e8re, et rehausser l&rsquo;\u00e9motion dans un portrait gr\u00e2ce \u00e0 des ajustements subtils et manuels.   <\/p>\t\t\t\t\t\t\t\t<\/div>\n\t\t\t\t<\/div>\n\t\t\t\t\t<\/div>\n\t\t<\/div>\n\t\t\t\t\t<\/div>\n\t\t<\/section>\n\t\t\t\t<div class=\"elementor-element elementor-element-c480374 elementor-widget elementor-widget-spacer\" data-id=\"c480374\" data-element_type=\"widget\" data-widget_type=\"spacer.default\">\n\t\t\t\t<div class=\"elementor-widget-container\">\n\t\t\t\t\t\t\t<div class=\"elementor-spacer\">\n\t\t\t<div class=\"elementor-spacer-inner\"><\/div>\n\t\t<\/div>\n\t\t\t\t\t\t<\/div>\n\t\t\t\t<\/div>\n\t\t\t\t<section class=\"elementor-section elementor-inner-section elementor-element elementor-element-84e22bf elementor-section-boxed elementor-section-height-default elementor-section-height-default\" data-id=\"84e22bf\" data-element_type=\"section\">\n\t\t\t\t\t\t<div class=\"elementor-container elementor-column-gap-default\">\n\t\t\t\t\t<div class=\"elementor-column elementor-col-50 elementor-inner-column elementor-element elementor-element-47cf865\" data-id=\"47cf865\" data-element_type=\"column\">\n\t\t\t<div class=\"elementor-widget-wrap elementor-element-populated\">\n\t\t\t\t\t\t<div class=\"elementor-element elementor-element-8cbbf74 elementor-widget elementor-widget-text-editor\" data-id=\"8cbbf74\" data-element_type=\"widget\" data-widget_type=\"text-editor.default\">\n\t\t\t\t<div class=\"elementor-widget-container\">\n\t\t\t\t\t\t\t\t\t<p><strong>Nos services incluent :<\/strong><\/p><ul><li><p><b>Restauration de photos endommag\u00e9es :<\/b> Des anciennes photos de famille aux fichiers num\u00e9riques d\u00e9faillants.<\/p><\/li><li><p><b>Correction de l&rsquo;exposition et de l&rsquo;\u00e9quilibre des couleurs :<\/b> Garantir l&rsquo;ambiance parfaite pour votre photo.<\/p><\/li><li><p><b>Retouche des imperfections :<\/b> Suppression manuelle d&rsquo;objets g\u00eanants et correction des d\u00e9fauts.<\/p><\/li><\/ul><p>Nous consid\u00e9rons l&rsquo;IA comme un point de d\u00e9part utile, mais la vraie perfection vient du savoir-faire que nous ajoutons. Nous nous assurons que votre photo ne soit pas seulement une image retouch\u00e9e mais une \u0153uvre d&rsquo;art authentique qui pr\u00e9serve son \u00e9motion et sa beaut\u00e9 originales. <\/p><p>En essence, la retouche photo par IA est un outil puissant pour acc\u00e9l\u00e9rer le flux de travail et g\u00e9rer les t\u00e2ches r\u00e9p\u00e9titives. Elle permet aux \u00e9diteurs humains de se concentrer sur les aspects cr\u00e9atifs et artistiques de leur travail. La technologie est un assistant, pas un rempla\u00e7ant. L&rsquo;\u00e9diteur humain reste le directeur, avec le contr\u00f4le artistique final et la compr\u00e9hension de l&rsquo;histoire que raconte chaque photo.   <\/p>\t\t\t\t\t\t\t\t<\/div>\n\t\t\t\t<\/div>\n\t\t\t\t\t<\/div>\n\t\t<\/div>\n\t\t\t\t<div class=\"elementor-column elementor-col-50 elementor-inner-column elementor-element elementor-element-2177a11\" data-id=\"2177a11\" data-element_type=\"column\">\n\t\t\t<div class=\"elementor-widget-wrap elementor-element-populated\">\n\t\t\t\t\t\t<div class=\"elementor-element elementor-element-5394f76 elementor-widget elementor-widget-image\" data-id=\"5394f76\" data-element_type=\"widget\" data-widget_type=\"image.default\">\n\t\t\t\t<div class=\"elementor-widget-container\">\n\t\t\t\t\t\t\t\t\t\t\t\t\t\t\t<img decoding=\"async\" width=\"1000\" height=\"700\" src=\"https:\/\/olddamagedphotorepair.com\/wp-content\/uploads\/2021\/01\/rotsen.jpg\" class=\"attachment-large size-large wp-image-3074\" alt=\"\" srcset=\"https:\/\/olddamagedphotorepair.com\/wp-content\/uploads\/2021\/01\/rotsen.jpg 1000w, https:\/\/olddamagedphotorepair.com\/wp-content\/uploads\/2021\/01\/rotsen-300x210.jpg 300w, https:\/\/olddamagedphotorepair.com\/wp-content\/uploads\/2021\/01\/rotsen-768x538.jpg 768w\" sizes=\"(max-width: 1000px) 100vw, 1000px\" \/>\t\t\t\t\t\t\t\t\t\t\t\t\t\t\t<\/div>\n\t\t\t\t<\/div>\n\t\t\t\t\t<\/div>\n\t\t<\/div>\n\t\t\t\t\t<\/div>\n\t\t<\/section>\n\t\t\t\t<div class=\"elementor-element elementor-element-5947363 elementor-align-center elementor-widget elementor-widget-button\" data-id=\"5947363\" data-element_type=\"widget\" data-widget_type=\"button.default\">\n\t\t\t\t<div class=\"elementor-widget-container\">\n\t\t\t\t\t\t\t\t\t<div class=\"elementor-button-wrapper\">\n\t\t\t\t\t<a class=\"elementor-button elementor-button-link elementor-size-sm\" href=\"https:\/\/olddamagedphotorepair.com\/fr\/?page_id=2805\">\n\t\t\t\t\t\t<span class=\"elementor-button-content-wrapper\">\n\t\t\t\t\t\t\t\t\t<span class=\"elementor-button-text\">Vous \u00eates curieux et avez une question ? Contactez-nous maintenant. <\/span>\n\t\t\t\t\t<\/span>\n\t\t\t\t\t<\/a>\n\t\t\t\t<\/div>\n\t\t\t\t\t\t\t\t<\/div>\n\t\t\t\t<\/div>\n\t\t\t\t\t<\/div>\n\t\t<\/div>\n\t\t\t\t\t<\/div>\n\t\t<\/section>\n\t\t\t\t<\/div>\n\t\t","protected":false},"excerpt":{"rendered":"<p>IA et retouche photo : magie ou illusion de la perfection ? Le terme \u00ab IA \u00bb \u00e9voque souvent la magie. En quelques clics, nous pouvons transformer des photos : un ciel nuageux devient d&rsquo;un bleu \u00e9clatant, les visages sont liss\u00e9s et les imperfections disparaissent. Mais cette \u00ab perfection \u00bb est-elle toujours la meilleure approche [&hellip;]<\/p>\n","protected":false},"author":1,"featured_media":0,"parent":0,"menu_order":0,"comment_status":"closed","ping_status":"closed","template":"elementor_header_footer","meta":{"_acf_changed":false,"footnotes":""},"class_list":["post-2853","page","type-page","status-publish","hentry"],"acf":[],"_links":{"self":[{"href":"https:\/\/olddamagedphotorepair.com\/fr\/wp-json\/wp\/v2\/pages\/2853","targetHints":{"allow":["GET"]}}],"collection":[{"href":"https:\/\/olddamagedphotorepair.com\/fr\/wp-json\/wp\/v2\/pages"}],"about":[{"href":"https:\/\/olddamagedphotorepair.com\/fr\/wp-json\/wp\/v2\/types\/page"}],"author":[{"embeddable":true,"href":"https:\/\/olddamagedphotorepair.com\/fr\/wp-json\/wp\/v2\/users\/1"}],"replies":[{"embeddable":true,"href":"https:\/\/olddamagedphotorepair.com\/fr\/wp-json\/wp\/v2\/comments?post=2853"}],"version-history":[{"count":0,"href":"https:\/\/olddamagedphotorepair.com\/fr\/wp-json\/wp\/v2\/pages\/2853\/revisions"}],"wp:attachment":[{"href":"https:\/\/olddamagedphotorepair.com\/fr\/wp-json\/wp\/v2\/media?parent=2853"}],"curies":[{"name":"wp","href":"https:\/\/api.w.org\/{rel}","templated":true}]}}